{"id":2408,"date":"2024-04-25T12:53:47","date_gmt":"2024-04-25T12:53:47","guid":{"rendered":"https:\/\/sgallery.hazu.hr\/izlozba\/vanka\/?page_id=2408"},"modified":"2024-04-25T18:29:36","modified_gmt":"2024-04-25T18:29:36","slug":"resources-and-literature","status":"publish","type":"page","link":"https:\/\/sgallery.hazu.hr\/izlozba\/vanka\/en\/resources-and-literature\/","title":{"rendered":"Resources and literature"},"content":{"rendered":"<div id=\"pl-2408\"  class=\"panel-layout\" ><div id=\"pg-2408-0\"  class=\"panel-grid panel-no-style\" ><div id=\"pgc-2408-0-0\"  class=\"panel-grid-cell\" ><div id=\"panel-2408-0-0-0\" class=\"so-panel widget widget_sow-editor panel-first-child\" data-index=\"0\" ><div\n\t\t\t\n\t\t\tclass=\"so-widget-sow-editor so-widget-sow-editor-base\"\n\t\t\t\n\t\t>\n<div class=\"siteorigin-widget-tinymce textwidget\">\n\t<h1 style=\"text-align: left;\">Resources and literature<\/h1>\n<h3><\/h3>\n<p>&nbsp;<\/p>\n<h3 style=\"text-align: left;\"><strong>Archival resources<\/strong><\/h3>\n<p><strong>Archives of the Academy of Fine Arts<\/strong><\/p>\n<ul>\n<li>Student Matriculation Records from the Academy of Fine Arts<\/li>\n<li>Personal files of the Academy of Fine Arts<\/li>\n<\/ul>\n<p><strong>Fine Arts Archives of the Croatian Academy of Sciences and Arts<\/strong><\/p>\n<ul>\n<li>Photo Library<\/li>\n<li>Artist Card Index<\/li>\n<\/ul>\n<p><strong>Dubrovnik State Archives - Archival Remote Storage Kor\u010dula-Lastovo, Kor\u010dula<\/strong><\/p>\n<ul>\n<li>The cadastral municipality of Kor\u010dula (HR-DADU-SCKL-536)<\/li>\n<li>Kor\u010dula Port Authority (HR-DADU-SCKL-987)<\/li>\n<\/ul>\n<p><strong>State Archives in Zagreb<\/strong><\/p>\n<ul>\n<li>Zagreb City Council Fonds (HR-DAZG-4) - subseries Ancillary Offices (POM), The Social Protection Committee (SP) and Military Department (VO)<\/li>\n<li>State public mixed gender school in Samostanska Street Fonds (HR-DAZG-207)<\/li>\n<li>1st Boys\u2019 Realschule (Grammar School) in Zagreb Fonds (HR-DAZG-109)<\/li>\n<\/ul>\n<p><strong>The Croatian State Archives<\/strong><\/p>\n<ul>\n<li>Fonds Various People (HR-HDA-1801)<\/li>\n<li>Personal Archival Fonds of Andr\u0133a \u0160tampar (HR-HDA-831)<\/li>\n<li>The Collection of microfilms of the registers and lists of families of the Croatian State Archives (HR-HAD-1448)<\/li>\n<li>Provincial Government. Department of Religion and Education (HR-HDA-80)<\/li>\n<\/ul>\n<p><strong>Division for the History of the Croatian Theatre of the Croatian Academy of Sciences and Arts<\/strong><\/p>\n<ul>\n<li>Photographs of the Croatian National Theatre<\/li>\n<li>Stage and costume design<\/li>\n<\/ul>\n<h3><\/h3>\n<p>&nbsp;<\/p>\n<h3 style=\"text-align: left;\"><strong>Literature<\/strong><\/h3>\n<p><em>I. <\/em><em style=\"font-size: 0.9375rem;\">izlo\u017eba zagreba\u010dkih umjetnika [1St Exhibition of Zagreb Artists]<\/em><span style=\"font-size: 0.9375rem;\">. [Zagreb]: [s. n.], [1934].<\/span><\/p>\n<p><em>Akademija likovnih umjetnosti u Zagrebu: 1907. \u2013 1997. [Academy of Fine Arts in Zagreb: 1907 \u2013 1997]<\/em>. Dubravka Babi\u0107 (ed.). Zagreb: The Academy of Fine Arts, 2002.<\/p>\n<p><em>Akvarel XX. stolje\u0107a u Hrvatskoj [Croatian Watercolour Art of the 20th century]<\/em>. Zagreb: The Yugoslav Academy of Sciences and Arts, 1958.<\/p>\n<p>Andreis Sudec, Iva. \u201eMia \u010corak Slavenska i Maksimilijan Vanka\u201c [\u201cMia \u010corak Slavenska and Maksimilijan Vanka\u201d], <em>Knji\u017eevna revija<\/em> (Osijek), 56 (2016), pg. 61-65.<\/p>\n<p><em>Autoportret u novijem hrvatskom slikarstvu [Self Portrait in Recent Croatian Painting]<\/em>. Osijek: The Fine Arts Gallery, 1977.<\/p>\n<p>Babi\u0107, Ljubo. <em>Umjetnost kod Hrvata [Croatian Art]<\/em>. Zagreb: A. Velzek Publisher, 1943.<\/p>\n<p>Bagari\u0107, Marina. <em>Arhitekt Ignjat Fischer [The Architect Ignjat Fischer]<\/em>. Zagreb: Meandarmedia, The Museum of Arts and Crafts, 2011.<\/p>\n<p>Bari\u010devi\u0107, Marina. \u201ePotraga za izgubljenim slikarom\u201c [\u201cIn search of a lost painter\u201d], <em>Novi list<\/em>, 4-14-2002, pg. 1, 5.<\/p>\n<p>Brun\u0161mid, Josip. <em>Akademijska galerija Strossmayerova [The Academy\u2019s Gallery Strossmayer]<\/em>. Zagreb: The Yugoslav Academy of Sciences and Arts, 1917.<\/p>\n<p>Cvetkova, Elena. \u201ePo\u0161ao sporednom stazom: Povratak Maksimilijana Vanke\u201c [\u201cWalking the Less Trodden Path: The return of Maksimilijan Vanka\u201d], <em>Ve\u010dernji list<\/em>, 11-16-1997<\/p>\n<p>\u010corak, \u017deljka; Davison, Rajka; Davison, David. \u201eThe 1925 Yugoslav Pavilion in Paris\u201c, <em>The Journal of Decorative and Propaganda Arts, <\/em>17,<em> Yugoslavian Theme Issue<\/em> (1990), pg. 36-41.<\/p>\n<p><em>Exposition internationale des arts d\u00e9coratifs et industriels modernes. Section du Royaume des Serbes, Croates et Slov\u00e8nes<\/em>. <em>Catalogue officiel<\/em>. Paris, 1925.<\/p>\n<p>Fatovi\u0107-Feren\u010di\u0107, Stella; Hofgraff, Darija. <em>Tvoj dovijeka: pisma Andrije \u0160tampara Desanki Ristovi\u0107 [Yours Forever: Letters of Andrija \u0160tampar to Desanka Ristovi\u0107]<\/em>. Zagreb: Croatian State Archives, 2018.<\/p>\n<p>Frange\u0161, Robert. \u201eMaksimilijan Vanka\u201c, <em>Yearbook of the Yugoslav Academy of Sciences and Arts<\/em>. Vol. 42, 1930, pg. 79.<\/p>\n<p>Gamulin, Grgo. \u201eMaksimilijan Vanka\u201c. In: <em>Hrvatsko slikarstvo XX. stolje\u0107a<\/em>. Vol. 1. Zagreb: Naprijed, 1987, pg. 179-189.<\/p>\n<p>Herge\u0161i\u0107, Ivo. \u201eMaksimilijan Vanka\u201c, <em>Savremenik<\/em>, no. 4, 1934, pg. 215.<\/p>\n<p><em>Intimna izlo\u017eba: Maksimilijan Vanka: Salon Urlich [An Intimate Exhibition: Maksimilijan Vanka: The Urlich Gallery]<\/em>. Zagreb: The Urlich Gallery, 1915.<\/p>\n<p><em>Izlo\u017eba hrvatskih umjetnika u Osijeku 1916. [The exhibition of Croatian Artists in Osijek in 1916]<\/em>. [Osijek]: [s. n.], [1916].<\/p>\n<p><em>Izlo\u017eba narodnih ru\u010dnih radova Zagreba\u010dkog zbora: 25. VIII. \u2013 10. IX. 1928. [The Zagreb Fair Exhibition of Applied Folk Handicrafts: August 25th \u2013 September 10th 1928]<\/em>. Zagreb, 1928.<\/p>\n<p>Kavuri\u0107, Lada. <em>Hrvatski plakat do 1940. [The Croatian Poster until 1940].<\/em>\u00a0Zagreb: Institute of Art History, National and University Library, Horetzky, 1999.<\/p>\n<p>Klisura, F. \u201eStalna izlo\u017eba slikara M. Vanke u Kor\u010duli\u201c [\u201cThe permanent exhibition of the painter M. Vanka in Kor\u010dula\u201d]<em>, Slobodna Dalmacija<\/em>, 12-16-1966.<\/p>\n<p>Knoll, Petar. <em>Akademijska galerija Strossmayerova [The Academy\u2019s Gallery Strossmayer]<\/em>. Zagreb: The Yugoslav Academy of Sciences and Arts, The Strossmayer Gallery of Old Masters, 1922.<\/p>\n<p>Kos, Koraljka. \u201eDora Peja\u010devi\u0107 i Maksimilijan Vanka\u201c [\u201cDora Peja\u010devi\u0107 and Maksimilijan Vanka\u201d]. In: <em>Glazba prijelaza: Sve\u010dani zbornik za Evu Sedak<\/em>. Zagreb: ArtTresor Publishing and Croatian Radiotelevision - Croatian Radio, 2009, pg. 170-177.<\/p>\n<p>Kra\u0161evac, Irena. \u201e'Plav\u0161i\u0107 smijenio Kr\u0161njavija' \u2013 Hrvatsko dru\u0161tvo umjetnosti na prijelomnici 1918.\/1919. godine\u201c [\u201c\u2018Plav\u0161i\u0107 after Kr\u0161njavi\u2019 - Croatian Art Society in 1918\/1919\u201d]. In: <i>Institucije povijesti umjetnosti: zbornik 4. kongresa hrvatskih povjesni\u010dara umjetnosti<\/i>. Ivana Mance, Martina Petrinovi\u0107 i Tanja Tr\u0161ka (eds.). Zagreb: Croatian Society of Art Historians, Institute of Art History, 2019, pg. 267-276.<\/p>\n<p>Ku\u0161an, Vladislav. <em>Imago mundi. Eseji, studije, prikazi [Imago mundi. Essays, studies, overviews]<\/em>. Zagreb: Publishing institute of Matrix Croatica, 1982.<\/p>\n<p>Ku\u0161an, Vladislav. \u201eMaksimilijan Vanka (prigodom pedesetgodi\u0161njice ro\u0111enja)\u201c [\u201cMaksimilijan Vanka (on the occasion of the 50th anniversary of his birth\u201d)], <em>Obzor<\/em>, 5-16-1939, pg. 2.<\/p>\n<p>Laljak, Stjepan. \u201eTajna slikara Maksa Josipa Vanke\u201c [\u201cThe secret of the painter Maxo Joseph Vanka\u201d], <em>Zapre\u0161i\u0107ki godi\u0161njak<\/em>, 7 (1997) , pg. 147-149.<\/p>\n<p><em>Lik \u2013 figura u novijem hrvatskom slikarstvu [Figure in Recent Croatian Art]<\/em>. Osijek: Gallery of Fine Arts, 1982.<\/p>\n<p>Luna\u010dek, Vladimir. \u201eIz umjetni\u010dkog svijeta. Maksimilijan Vanka\u201c [\u201cFrom the artistic world. Maksimilijan Vanka\u201d], <em>Savremenik<\/em>, 11\/12 (1915), pg. 422.<\/p>\n<p>Maclean, Fitzroy. <em>Rat na Balkanu [Eastern Approaches]<\/em>. Zagreb: Stvarnost, 1964.<\/p>\n<p>Maksimilijan Vanka. <em>Portreti [Portraits]<\/em>. Zagreb: The Ulrich Gallery, 1997.<\/p>\n<p><em>Maksimilijan Vanka: Galerija Klovi\u0107evi dvori, Zagreb, 26. III. - 10. VI. 2002. [Maksimilijan Vanka: Klovi\u0107evi Dvori Gallery, Zagreb, March 26 - June 10, 2002]<\/em>. Zagreb: Klovi\u0107evi Dvori Gallery, 2002.<\/p>\n<p>Maroevi\u0107, Tonko. \u201eVanka je stigao u Zagreb\u201c [\u201cVanka arrives to Zagreb\u201d], <em>Matica \u2013 \u010dasopis Hrvatske matice iseljenika<\/em>, 52, 4 (2002), pg. 28-29.<\/p>\n<p>Maroevi\u0107, Tonko. \u201eKozmopolitski i slikarski virtuoz\u201c [\u201cA cosmopolitan and artistic virtuoso\u201d], <em>Hrvatski iseljeni\u010dki zbornik<\/em>, 2003 (i.e. 2002), pg. 237-243.<\/p>\n<p><em>Memorijalna zbirka Maksimilijana Vanke [The Memorial Collection of Maksimilijan Vanka]<\/em>. Kor\u010dula: The Yugoslav Academy of Sciences and Arts, 1968.<\/p>\n<p><em>Memorijalna zbirka Maksimilijan Vanka, Kor\u010dula [The Memorial Collection of Maksimilijan Vanka, Kor\u010dula]<\/em>. Zagreb: The Croatian Academy of Sciences and Arts, 1998.<\/p>\n<p><em>Mrtva priroda u novijem hrvatskom slikarstvu [Still life in recent Croatian painting]<\/em>. Osijek: Gallery of Fine Arts, 1979.<\/p>\n<p>Najcer Sabljak, Jasminka; Lu\u010devnjak, Silvija. \u201eModerna umjetnost u zbirkama slavonskog plemstva\u201c [\u201cWorks of Modern Art in the Collections of Slavonian Noble Famillies\u201d]. In: <em>Imago, imaginatio, imaginabile. Festschrift in honor of Zvonko Makovi\u0107<\/em>. Dragan Damjanovi\u0107 and Lovorka Maga\u0161 Biland\u017ei\u0107 (eds.). Zagreb: Faculty of Humanities and Social Sciences in Zagreb, 2018, pg. 247-265.<\/p>\n<p><em>Pokupska sje\u0107anja: etnografska ekspedicija 1923. [The memories of Pokuplje - an ethnographic expedition in 1923].<\/em> Zagreb: The Ethnographic Museum, 1993.<\/p>\n<p>Popov\u010dak, Borivoj. <em>Zlatko i Joyce Balokovi\u0107 donatori Strossmayerove galerije starih majstora [Zlatko and Joyce Balokovi\u0107 donators to the Strossmayer Gallery of Old Masters].<\/em>\u00a0Zagreb: The Croatian Academy of Sciences and Arts, 2020.<\/p>\n<p>Prelog, Petar. <em>Hrvatska moderna umjetnost i nacionalni identitet [Croatian Modern Art and National Identity]<\/em>. Zagreb: Institute of Art History, 2018.<\/p>\n<p><em>Problem umjetnosti kolektiva \u2013 slu\u010daj Zemlja [The Issue of the Art of the Collective \u2013 Case Zemlja]<\/em>. Zagreb: BLOK \u2013 Lokalna baza za osvje\u017eavanje kulture [Local Base for Cultural Refreshment], 2019.<\/p>\n<p>Prpi\u0107, Jure. \u201eMaksimilijan Vanka: Njegov doprinos umjetnosti Amerike\u201c [\u201cMaksimilijan Vanka: His contribution to American art\u201d], <em>Hrvatska revija<\/em>, 8, 30 (1958), pg. 148-160.<\/p>\n<p>Rus, Zdenko. <em>Izlo\u017ebe iz fundusa galerije. Maksimilijan Vanka [Exhibitions from the holdings of the Gallery. Maksimilijan Vanka]<\/em>. Zagreb: The Modern Gallery, 1976.<\/p>\n<p><em>Salon Triennal \u2013 1914 \u2013 Bruxelles: Exposition g\u00e9n\u00e9rale des Beaux-Arts (Palais du Cinquantenaire, 9 mai - 2 novembre 1914)<\/em>. Bruxelles: Soci\u00e9t\u00e9 Royale des Beaux-Arts de Bruxelles, 1914.<\/p>\n<p>\u0160eparovi\u0107, Ana. \u201eIcons and Croatian Painting in the Early 20<sup>th<\/sup> Century\u201c, <em>IKON<\/em>, 9 (2016), pg. 299-310.<\/p>\n<p>\u0160imat Banov, Ive. \u201eVankin opus skriven iza biografskih pikanterija\u201c [\u201cVanka\u2019s oeuvre overshadowed by piquant bits of gossip from his biography\u201d], <em>Jutarnji list<\/em>, 6-20-2002, pg. 19.<\/p>\n<p>\u0160[repe]l, Ivo. \u201eMaksimilijan Vanka: uz kolektivnu izlo\u017ebu u umjetni\u010dkom paviljonu\u201c [\u201cMaksimilijan Vanka: review of the group exhibition in the Art Pavilion\u201d], <em>Jutarnji list<\/em>, 5-13-1934, pg. 8.<\/p>\n<p>\u0160tampar, Andrija. <em>Dnevnik s putovanja 1931. \u2013 1938 [Travel Diary 1931- 1938]<\/em>. \u017deljko Dugac and Marko Pe\u0107ina (eds.). Zagreb: The Croatian Academy of Sciences and Arts, Andrija \u0160tampar School of Public Health, Srednja Europa, 2008.<\/p>\n<p><em>The Gift of Sympathy: The Art of Maxo Vanka<\/em>. Doylestown: James A. Michener Art Museum, 2001.<\/p>\n<p>Tkal\u010di\u0107 Ko\u0161\u010devi\u0107, Antonija. <em>Sje\u0107anja na prve generacije Umjetni\u010dke akademije u Zagrebu [Memories of the first generations of the Zagreb Arts Academy]<\/em>. Zagreb: The Croatian Academy of Sciences and Arts - The Fine Arts Archives, 2007.<\/p>\n<p>Vizner, Nikola. <em>Hrvatsko ameri\u010dki slikar Maksimilijan Vanka [Croatian American Painter Maksimilijan Vanka]<\/em>. Doctoral dissertation. Zadar: University of Zadar, 2004.<\/p>\n<p>&nbsp;<\/p>\n<\/div>\n<\/div><\/div><div id=\"panel-2408-0-0-1\" class=\"widget_text so-panel widget widget_custom_html panel-last-child\" data-index=\"1\" ><div class=\"textwidget custom-html-widget\"><style>\n\n\n\n\t.entry-footer{display:none}\n\n<\/style><\/div><\/div><\/div><\/div><\/div>","protected":false},"excerpt":{"rendered":"<p>Resources and literature &nbsp; Archival resources Archives of the Academy of Fine Arts Student Matriculation Records from the Academy of Fine Arts Personal files of the Academy of Fine Arts Fine Arts Archives of the Croatian Academy of Sciences and Arts Photo Library Artist Card Index Dubrovnik State Archives -&#8230;<\/p>\n","protected":false},"author":3,"featured_media":0,"parent":0,"menu_order":0,"comment_status":"closed","ping_status":"closed","template":"","meta":{"footnotes":"","_links_to":"","_links_to_target":""},"class_list":["post-2408","page","type-page","status-publish","hentry"],"yoast_head":"<!-- This site is optimized with the Yoast SEO plugin v27.5 - https:\/\/yoast.com\/product\/yoast-seo-wordpress\/ -->\n<title>Resources and literature &#8211; Izlo\u017eba umjetnina iz Memorijalne zbirke: Maksimilijan Vanka<\/title>\n<meta name=\"robots\" content=\"index, follow, max-snippet:-1, max-image-preview:large, max-video-preview:-1\" \/>\n<link rel=\"canonical\" href=\"https:\/\/sgallery.hazu.hr\/izlozba\/vanka\/en\/resources-and-literature\/\" \/>\n<meta property=\"og:locale\" content=\"hr_HR\" \/>\n<meta property=\"og:type\" content=\"article\" \/>\n<meta property=\"og:title\" content=\"Resources and literature &#8211; Izlo\u017eba umjetnina iz Memorijalne zbirke: Maksimilijan Vanka\" \/>\n<meta property=\"og:description\" content=\"Resources and literature &nbsp; Archival resources Archives of the Academy of Fine Arts Student Matriculation Records from the Academy of Fine Arts Personal files of the Academy of Fine Arts Fine Arts Archives of the Croatian Academy of Sciences and Arts Photo Library Artist Card Index Dubrovnik State Archives -...\" \/>\n<meta property=\"og:url\" content=\"https:\/\/sgallery.hazu.hr\/izlozba\/vanka\/en\/resources-and-literature\/\" \/>\n<meta property=\"og:site_name\" content=\"Izlo\u017eba umjetnina iz Memorijalne zbirke: Maksimilijan Vanka\" \/>\n<meta property=\"article:modified_time\" content=\"2024-04-25T18:29:36+00:00\" \/>\n<meta name=\"twitter:card\" content=\"summary_large_image\" \/>\n<meta name=\"twitter:label1\" content=\"Procijenjeno vrijeme \u010ditanja\" \/>\n\t<meta name=\"twitter:data1\" content=\"8 minuta\" \/>\n<script type=\"application\/ld+json\" class=\"yoast-schema-graph\">{\"@context\":\"https:\\\/\\\/schema.org\",\"@graph\":[{\"@type\":\"WebPage\",\"@id\":\"https:\\\/\\\/sgallery.hazu.hr\\\/izlozba\\\/vanka\\\/en\\\/resources-and-literature\\\/\",\"url\":\"https:\\\/\\\/sgallery.hazu.hr\\\/izlozba\\\/vanka\\\/en\\\/resources-and-literature\\\/\",\"name\":\"Resources and literature &#8211; Izlo\u017eba umjetnina iz Memorijalne zbirke: Maksimilijan Vanka\",\"isPartOf\":{\"@id\":\"https:\\\/\\\/sgallery.hazu.hr\\\/izlozba\\\/vanka\\\/#website\"},\"datePublished\":\"2024-04-25T12:53:47+00:00\",\"dateModified\":\"2024-04-25T18:29:36+00:00\",\"breadcrumb\":{\"@id\":\"https:\\\/\\\/sgallery.hazu.hr\\\/izlozba\\\/vanka\\\/en\\\/resources-and-literature\\\/#breadcrumb\"},\"inLanguage\":\"hr\",\"potentialAction\":[{\"@type\":\"ReadAction\",\"target\":[\"https:\\\/\\\/sgallery.hazu.hr\\\/izlozba\\\/vanka\\\/en\\\/resources-and-literature\\\/\"]}]},{\"@type\":\"BreadcrumbList\",\"@id\":\"https:\\\/\\\/sgallery.hazu.hr\\\/izlozba\\\/vanka\\\/en\\\/resources-and-literature\\\/#breadcrumb\",\"itemListElement\":[{\"@type\":\"ListItem\",\"position\":1,\"name\":\"Po\u010detna stranica\",\"item\":\"https:\\\/\\\/sgallery.hazu.hr\\\/izlozba\\\/vanka\\\/\"},{\"@type\":\"ListItem\",\"position\":2,\"name\":\"Resources and literature\"}]},{\"@type\":\"WebSite\",\"@id\":\"https:\\\/\\\/sgallery.hazu.hr\\\/izlozba\\\/vanka\\\/#website\",\"url\":\"https:\\\/\\\/sgallery.hazu.hr\\\/izlozba\\\/vanka\\\/\",\"name\":\"Izlo\u017eba umjetnina iz Memorijalne zbirke: Maksimilijan Vanka\",\"description\":\"Strossmayerova galerija starih majstora\",\"publisher\":{\"@id\":\"https:\\\/\\\/sgallery.hazu.hr\\\/izlozba\\\/vanka\\\/#organization\"},\"potentialAction\":[{\"@type\":\"SearchAction\",\"target\":{\"@type\":\"EntryPoint\",\"urlTemplate\":\"https:\\\/\\\/sgallery.hazu.hr\\\/izlozba\\\/vanka\\\/?s={search_term_string}\"},\"query-input\":{\"@type\":\"PropertyValueSpecification\",\"valueRequired\":true,\"valueName\":\"search_term_string\"}}],\"inLanguage\":\"hr\"},{\"@type\":\"Organization\",\"@id\":\"https:\\\/\\\/sgallery.hazu.hr\\\/izlozba\\\/vanka\\\/#organization\",\"name\":\"Strossmayerova galerija starih majstora\",\"url\":\"https:\\\/\\\/sgallery.hazu.hr\\\/izlozba\\\/vanka\\\/\",\"logo\":{\"@type\":\"ImageObject\",\"inLanguage\":\"hr\",\"@id\":\"https:\\\/\\\/sgallery.hazu.hr\\\/izlozba\\\/vanka\\\/#\\\/schema\\\/logo\\\/image\\\/\",\"url\":\"https:\\\/\\\/sgallery.hazu.hr\\\/izlozba\\\/vanka\\\/wp-content\\\/uploads\\\/2021\\\/01\\\/cropped-Hazu-logo-bitmap-1.bmp\",\"contentUrl\":\"https:\\\/\\\/sgallery.hazu.hr\\\/izlozba\\\/vanka\\\/wp-content\\\/uploads\\\/2021\\\/01\\\/cropped-Hazu-logo-bitmap-1.bmp\",\"width\":512,\"height\":512,\"caption\":\"Strossmayerova galerija starih majstora\"},\"image\":{\"@id\":\"https:\\\/\\\/sgallery.hazu.hr\\\/izlozba\\\/vanka\\\/#\\\/schema\\\/logo\\\/image\\\/\"}}]}<\/script>\n<!-- \/ Yoast SEO plugin. -->","yoast_head_json":{"title":"Resources and literature &#8211; Izlo\u017eba umjetnina iz Memorijalne zbirke: Maksimilijan Vanka","robots":{"index":"index","follow":"follow","max-snippet":"max-snippet:-1","max-image-preview":"max-image-preview:large","max-video-preview":"max-video-preview:-1"},"canonical":"https:\/\/sgallery.hazu.hr\/izlozba\/vanka\/en\/resources-and-literature\/","og_locale":"hr_HR","og_type":"article","og_title":"Resources and literature &#8211; Izlo\u017eba umjetnina iz Memorijalne zbirke: Maksimilijan Vanka","og_description":"Resources and literature &nbsp; Archival resources Archives of the Academy of Fine Arts Student Matriculation Records from the Academy of Fine Arts Personal files of the Academy of Fine Arts Fine Arts Archives of the Croatian Academy of Sciences and Arts Photo Library Artist Card Index Dubrovnik State Archives -...","og_url":"https:\/\/sgallery.hazu.hr\/izlozba\/vanka\/en\/resources-and-literature\/","og_site_name":"Izlo\u017eba umjetnina iz Memorijalne zbirke: Maksimilijan Vanka","article_modified_time":"2024-04-25T18:29:36+00:00","twitter_card":"summary_large_image","twitter_misc":{"Procijenjeno vrijeme \u010ditanja":"8 minuta"},"schema":{"@context":"https:\/\/schema.org","@graph":[{"@type":"WebPage","@id":"https:\/\/sgallery.hazu.hr\/izlozba\/vanka\/en\/resources-and-literature\/","url":"https:\/\/sgallery.hazu.hr\/izlozba\/vanka\/en\/resources-and-literature\/","name":"Resources and literature &#8211; Izlo\u017eba umjetnina iz Memorijalne zbirke: Maksimilijan Vanka","isPartOf":{"@id":"https:\/\/sgallery.hazu.hr\/izlozba\/vanka\/#website"},"datePublished":"2024-04-25T12:53:47+00:00","dateModified":"2024-04-25T18:29:36+00:00","breadcrumb":{"@id":"https:\/\/sgallery.hazu.hr\/izlozba\/vanka\/en\/resources-and-literature\/#breadcrumb"},"inLanguage":"hr","potentialAction":[{"@type":"ReadAction","target":["https:\/\/sgallery.hazu.hr\/izlozba\/vanka\/en\/resources-and-literature\/"]}]},{"@type":"BreadcrumbList","@id":"https:\/\/sgallery.hazu.hr\/izlozba\/vanka\/en\/resources-and-literature\/#breadcrumb","itemListElement":[{"@type":"ListItem","position":1,"name":"Po\u010detna stranica","item":"https:\/\/sgallery.hazu.hr\/izlozba\/vanka\/"},{"@type":"ListItem","position":2,"name":"Resources and literature"}]},{"@type":"WebSite","@id":"https:\/\/sgallery.hazu.hr\/izlozba\/vanka\/#website","url":"https:\/\/sgallery.hazu.hr\/izlozba\/vanka\/","name":"Izlo\u017eba umjetnina iz Memorijalne zbirke: Maksimilijan Vanka","description":"Strossmayerova galerija starih majstora","publisher":{"@id":"https:\/\/sgallery.hazu.hr\/izlozba\/vanka\/#organization"},"potentialAction":[{"@type":"SearchAction","target":{"@type":"EntryPoint","urlTemplate":"https:\/\/sgallery.hazu.hr\/izlozba\/vanka\/?s={search_term_string}"},"query-input":{"@type":"PropertyValueSpecification","valueRequired":true,"valueName":"search_term_string"}}],"inLanguage":"hr"},{"@type":"Organization","@id":"https:\/\/sgallery.hazu.hr\/izlozba\/vanka\/#organization","name":"Strossmayerova galerija starih majstora","url":"https:\/\/sgallery.hazu.hr\/izlozba\/vanka\/","logo":{"@type":"ImageObject","inLanguage":"hr","@id":"https:\/\/sgallery.hazu.hr\/izlozba\/vanka\/#\/schema\/logo\/image\/","url":"https:\/\/sgallery.hazu.hr\/izlozba\/vanka\/wp-content\/uploads\/2021\/01\/cropped-Hazu-logo-bitmap-1.bmp","contentUrl":"https:\/\/sgallery.hazu.hr\/izlozba\/vanka\/wp-content\/uploads\/2021\/01\/cropped-Hazu-logo-bitmap-1.bmp","width":512,"height":512,"caption":"Strossmayerova galerija starih majstora"},"image":{"@id":"https:\/\/sgallery.hazu.hr\/izlozba\/vanka\/#\/schema\/logo\/image\/"}}]}},"_links":{"self":[{"href":"https:\/\/sgallery.hazu.hr\/izlozba\/vanka\/wp-json\/wp\/v2\/pages\/2408","targetHints":{"allow":["GET"]}}],"collection":[{"href":"https:\/\/sgallery.hazu.hr\/izlozba\/vanka\/wp-json\/wp\/v2\/pages"}],"about":[{"href":"https:\/\/sgallery.hazu.hr\/izlozba\/vanka\/wp-json\/wp\/v2\/types\/page"}],"author":[{"embeddable":true,"href":"https:\/\/sgallery.hazu.hr\/izlozba\/vanka\/wp-json\/wp\/v2\/users\/3"}],"replies":[{"embeddable":true,"href":"https:\/\/sgallery.hazu.hr\/izlozba\/vanka\/wp-json\/wp\/v2\/comments?post=2408"}],"version-history":[{"count":13,"href":"https:\/\/sgallery.hazu.hr\/izlozba\/vanka\/wp-json\/wp\/v2\/pages\/2408\/revisions"}],"predecessor-version":[{"id":2410,"href":"https:\/\/sgallery.hazu.hr\/izlozba\/vanka\/wp-json\/wp\/v2\/pages\/2408\/revisions\/2410"}],"wp:attachment":[{"href":"https:\/\/sgallery.hazu.hr\/izlozba\/vanka\/wp-json\/wp\/v2\/media?parent=2408"}],"curies":[{"name":"wp","href":"https:\/\/api.w.org\/{rel}","templated":true}]}}