{"id":2398,"date":"2024-04-25T12:32:13","date_gmt":"2024-04-25T12:32:13","guid":{"rendered":"https:\/\/sgallery.hazu.hr\/izlozba\/vanka\/?page_id=2398"},"modified":"2024-05-07T10:39:52","modified_gmt":"2024-05-07T10:39:52","slug":"impressum-en","status":"publish","type":"page","link":"https:\/\/sgallery.hazu.hr\/izlozba\/vanka\/en\/impressum-en\/","title":{"rendered":"Impressum"},"content":{"rendered":"<div id=\"pl-2398\"  class=\"panel-layout\" ><div id=\"pg-2398-0\"  class=\"panel-grid panel-no-style\" ><div id=\"pgc-2398-0-0\"  class=\"panel-grid-cell\" ><div id=\"panel-2398-0-0-0\" class=\"so-panel widget widget_sow-editor panel-first-child\" data-index=\"0\" ><div\n\t\t\t\n\t\t\tclass=\"so-widget-sow-editor so-widget-sow-editor-base\"\n\t\t\t\n\t\t>\n<div class=\"siteorigin-widget-tinymce textwidget\">\n\t<h1 style=\"text-align: center;\">Impressum<\/h1>\n<p style=\"text-align: center;\">Publisher:<br \/>\nCroatian Academy of Sciences and Arts<br \/>\nNikola \u0160ubi\u0107 Zrinski Square 11, Zagreb<\/p>\n<p style=\"text-align: center;\">For publisher:<br \/>\nDario Vretenar, F.C.A., Secretary General<\/p>\n<p style=\"text-align: center;\">Editor:<br \/>\nVladimir Markovi\u0107, F.C.A.<\/p>\n<p style=\"text-align: center;\">Executive editor:<br \/>\nIvana Gr\u017eina<\/p>\n<p style=\"text-align: center;\">Author of the virtual exhibition:<br \/>\nIvana Gr\u017eina<\/p>\n<p style=\"text-align: center;\">Reviewers of the text accompanying the virtual exhibition:<br \/>\n<span style=\"font-size: 0.9375rem;\">Ivana Mance Cipek, PhD<br \/>\n<\/span><span style=\"font-size: 0.9375rem;\">Ana \u0160eparovi\u0107, PhD<\/span><\/p>\n<p style=\"text-align: center;\">Translation:<br \/>\nDragana Grdi\u0107<\/p>\n<p style=\"text-align: center;\">Exhibition design, programming, and implementation:<br \/>\nLink2 d.o.o.<br \/>\nGoran Zlodi<br \/>\nIvanka Maroevi\u0107<\/p>\n<p style=\"text-align: center;\">Photographs:<br \/>\nThe Academy of Fine Arts Archives<br \/>\nThe Memorial Collection of Maksimilijan Vanka Archive, Croatian Academy of Sciences and Arts<br \/>\nDamir Fabijani\u0107<br \/>\nThe Strossmayer Gallery of Old Masters Photo Library, Croatian Academy of Sciences and Arts<br \/>\nThe Croatian State Archives<br \/>\nDepartment of Prints and Drawings of the Croatian Academy of Sciences and Arts<br \/>\nThe Division of the History of the Croatian Theatre of the Institute for the History of Croatian Literature, Theatre and Music of the Croatian Academy of Sciences and Arts<\/p>\n<p style=\"text-align: center;\">Year of publication: 2024<\/p>\n<p style=\"text-align: center;\">The original edition of the exhibition was executed with the financial support of the Ministry of Culture and Media of the Republic of Croatia, and its English version with the support of the Foundation of the Croatian Academy of Sciences and Arts.<\/p>\n<\/div>\n<\/div><\/div><div id=\"panel-2398-0-0-1\" class=\"widget_text so-panel widget widget_custom_html panel-last-child\" data-index=\"1\" ><div class=\"textwidget custom-html-widget\"><style>\n\n\t.entry-footer{display:none}\n<\/style><\/div><\/div><\/div><\/div><\/div>","protected":false},"excerpt":{"rendered":"<p>Impressum Publisher: Croatian Academy of Sciences and Arts Nikola \u0160ubi\u0107 Zrinski Square 11, Zagreb For publisher: Dario Vretenar, F.C.A., Secretary General Editor: Vladimir Markovi\u0107, F.C.A. Executive editor: Ivana Gr\u017eina Author of the virtual exhibition: Ivana Gr\u017eina Reviewers of the text accompanying the virtual exhibition: Ivana Mance Cipek, PhD Ana \u0160eparovi\u0107,&#8230;<\/p>\n","protected":false},"author":3,"featured_media":0,"parent":0,"menu_order":0,"comment_status":"closed","ping_status":"closed","template":"","meta":{"footnotes":"","_links_to":"","_links_to_target":""},"class_list":["post-2398","page","type-page","status-publish","hentry"],"yoast_head":"<!-- This site is optimized with the Yoast SEO plugin v27.5 - https:\/\/yoast.com\/product\/yoast-seo-wordpress\/ -->\n<title>Impressum &#8211; Izlo\u017eba umjetnina iz Memorijalne zbirke: Maksimilijan Vanka<\/title>\n<meta name=\"robots\" content=\"index, follow, max-snippet:-1, max-image-preview:large, max-video-preview:-1\" \/>\n<link rel=\"canonical\" href=\"https:\/\/sgallery.hazu.hr\/izlozba\/vanka\/en\/impressum-en\/\" \/>\n<meta property=\"og:locale\" content=\"hr_HR\" \/>\n<meta property=\"og:type\" content=\"article\" \/>\n<meta property=\"og:title\" content=\"Impressum &#8211; Izlo\u017eba umjetnina iz Memorijalne zbirke: Maksimilijan Vanka\" \/>\n<meta property=\"og:description\" content=\"Impressum Publisher: Croatian Academy of Sciences and Arts Nikola \u0160ubi\u0107 Zrinski Square 11, Zagreb For publisher: Dario Vretenar, F.C.A., Secretary General Editor: Vladimir Markovi\u0107, F.C.A. Executive editor: Ivana Gr\u017eina Author of the virtual exhibition: Ivana Gr\u017eina Reviewers of the text accompanying the virtual exhibition: Ivana Mance Cipek, PhD Ana \u0160eparovi\u0107,...\" \/>\n<meta property=\"og:url\" content=\"https:\/\/sgallery.hazu.hr\/izlozba\/vanka\/en\/impressum-en\/\" \/>\n<meta property=\"og:site_name\" content=\"Izlo\u017eba umjetnina iz Memorijalne zbirke: Maksimilijan Vanka\" \/>\n<meta property=\"article:modified_time\" content=\"2024-05-07T10:39:52+00:00\" \/>\n<meta name=\"twitter:card\" content=\"summary_large_image\" \/>\n<meta name=\"twitter:label1\" content=\"Procijenjeno vrijeme \u010ditanja\" \/>\n\t<meta name=\"twitter:data1\" content=\"2 minute\" \/>\n<script type=\"application\/ld+json\" class=\"yoast-schema-graph\">{\"@context\":\"https:\\\/\\\/schema.org\",\"@graph\":[{\"@type\":\"WebPage\",\"@id\":\"https:\\\/\\\/sgallery.hazu.hr\\\/izlozba\\\/vanka\\\/en\\\/impressum-en\\\/\",\"url\":\"https:\\\/\\\/sgallery.hazu.hr\\\/izlozba\\\/vanka\\\/en\\\/impressum-en\\\/\",\"name\":\"Impressum &#8211; Izlo\u017eba umjetnina iz Memorijalne zbirke: Maksimilijan Vanka\",\"isPartOf\":{\"@id\":\"https:\\\/\\\/sgallery.hazu.hr\\\/izlozba\\\/vanka\\\/#website\"},\"datePublished\":\"2024-04-25T12:32:13+00:00\",\"dateModified\":\"2024-05-07T10:39:52+00:00\",\"breadcrumb\":{\"@id\":\"https:\\\/\\\/sgallery.hazu.hr\\\/izlozba\\\/vanka\\\/en\\\/impressum-en\\\/#breadcrumb\"},\"inLanguage\":\"hr\",\"potentialAction\":[{\"@type\":\"ReadAction\",\"target\":[\"https:\\\/\\\/sgallery.hazu.hr\\\/izlozba\\\/vanka\\\/en\\\/impressum-en\\\/\"]}]},{\"@type\":\"BreadcrumbList\",\"@id\":\"https:\\\/\\\/sgallery.hazu.hr\\\/izlozba\\\/vanka\\\/en\\\/impressum-en\\\/#breadcrumb\",\"itemListElement\":[{\"@type\":\"ListItem\",\"position\":1,\"name\":\"Po\u010detna stranica\",\"item\":\"https:\\\/\\\/sgallery.hazu.hr\\\/izlozba\\\/vanka\\\/\"},{\"@type\":\"ListItem\",\"position\":2,\"name\":\"Impressum\"}]},{\"@type\":\"WebSite\",\"@id\":\"https:\\\/\\\/sgallery.hazu.hr\\\/izlozba\\\/vanka\\\/#website\",\"url\":\"https:\\\/\\\/sgallery.hazu.hr\\\/izlozba\\\/vanka\\\/\",\"name\":\"Izlo\u017eba umjetnina iz Memorijalne zbirke: Maksimilijan Vanka\",\"description\":\"Strossmayerova galerija starih majstora\",\"publisher\":{\"@id\":\"https:\\\/\\\/sgallery.hazu.hr\\\/izlozba\\\/vanka\\\/#organization\"},\"potentialAction\":[{\"@type\":\"SearchAction\",\"target\":{\"@type\":\"EntryPoint\",\"urlTemplate\":\"https:\\\/\\\/sgallery.hazu.hr\\\/izlozba\\\/vanka\\\/?s={search_term_string}\"},\"query-input\":{\"@type\":\"PropertyValueSpecification\",\"valueRequired\":true,\"valueName\":\"search_term_string\"}}],\"inLanguage\":\"hr\"},{\"@type\":\"Organization\",\"@id\":\"https:\\\/\\\/sgallery.hazu.hr\\\/izlozba\\\/vanka\\\/#organization\",\"name\":\"Strossmayerova galerija starih majstora\",\"url\":\"https:\\\/\\\/sgallery.hazu.hr\\\/izlozba\\\/vanka\\\/\",\"logo\":{\"@type\":\"ImageObject\",\"inLanguage\":\"hr\",\"@id\":\"https:\\\/\\\/sgallery.hazu.hr\\\/izlozba\\\/vanka\\\/#\\\/schema\\\/logo\\\/image\\\/\",\"url\":\"https:\\\/\\\/sgallery.hazu.hr\\\/izlozba\\\/vanka\\\/wp-content\\\/uploads\\\/2021\\\/01\\\/cropped-Hazu-logo-bitmap-1.bmp\",\"contentUrl\":\"https:\\\/\\\/sgallery.hazu.hr\\\/izlozba\\\/vanka\\\/wp-content\\\/uploads\\\/2021\\\/01\\\/cropped-Hazu-logo-bitmap-1.bmp\",\"width\":512,\"height\":512,\"caption\":\"Strossmayerova galerija starih majstora\"},\"image\":{\"@id\":\"https:\\\/\\\/sgallery.hazu.hr\\\/izlozba\\\/vanka\\\/#\\\/schema\\\/logo\\\/image\\\/\"}}]}<\/script>\n<!-- \/ Yoast SEO plugin. -->","yoast_head_json":{"title":"Impressum &#8211; Izlo\u017eba umjetnina iz Memorijalne zbirke: Maksimilijan Vanka","robots":{"index":"index","follow":"follow","max-snippet":"max-snippet:-1","max-image-preview":"max-image-preview:large","max-video-preview":"max-video-preview:-1"},"canonical":"https:\/\/sgallery.hazu.hr\/izlozba\/vanka\/en\/impressum-en\/","og_locale":"hr_HR","og_type":"article","og_title":"Impressum &#8211; Izlo\u017eba umjetnina iz Memorijalne zbirke: Maksimilijan Vanka","og_description":"Impressum Publisher: Croatian Academy of Sciences and Arts Nikola \u0160ubi\u0107 Zrinski Square 11, Zagreb For publisher: Dario Vretenar, F.C.A., Secretary General Editor: Vladimir Markovi\u0107, F.C.A. Executive editor: Ivana Gr\u017eina Author of the virtual exhibition: Ivana Gr\u017eina Reviewers of the text accompanying the virtual exhibition: Ivana Mance Cipek, PhD Ana \u0160eparovi\u0107,...","og_url":"https:\/\/sgallery.hazu.hr\/izlozba\/vanka\/en\/impressum-en\/","og_site_name":"Izlo\u017eba umjetnina iz Memorijalne zbirke: Maksimilijan Vanka","article_modified_time":"2024-05-07T10:39:52+00:00","twitter_card":"summary_large_image","twitter_misc":{"Procijenjeno vrijeme \u010ditanja":"2 minute"},"schema":{"@context":"https:\/\/schema.org","@graph":[{"@type":"WebPage","@id":"https:\/\/sgallery.hazu.hr\/izlozba\/vanka\/en\/impressum-en\/","url":"https:\/\/sgallery.hazu.hr\/izlozba\/vanka\/en\/impressum-en\/","name":"Impressum &#8211; Izlo\u017eba umjetnina iz Memorijalne zbirke: Maksimilijan Vanka","isPartOf":{"@id":"https:\/\/sgallery.hazu.hr\/izlozba\/vanka\/#website"},"datePublished":"2024-04-25T12:32:13+00:00","dateModified":"2024-05-07T10:39:52+00:00","breadcrumb":{"@id":"https:\/\/sgallery.hazu.hr\/izlozba\/vanka\/en\/impressum-en\/#breadcrumb"},"inLanguage":"hr","potentialAction":[{"@type":"ReadAction","target":["https:\/\/sgallery.hazu.hr\/izlozba\/vanka\/en\/impressum-en\/"]}]},{"@type":"BreadcrumbList","@id":"https:\/\/sgallery.hazu.hr\/izlozba\/vanka\/en\/impressum-en\/#breadcrumb","itemListElement":[{"@type":"ListItem","position":1,"name":"Po\u010detna stranica","item":"https:\/\/sgallery.hazu.hr\/izlozba\/vanka\/"},{"@type":"ListItem","position":2,"name":"Impressum"}]},{"@type":"WebSite","@id":"https:\/\/sgallery.hazu.hr\/izlozba\/vanka\/#website","url":"https:\/\/sgallery.hazu.hr\/izlozba\/vanka\/","name":"Izlo\u017eba umjetnina iz Memorijalne zbirke: Maksimilijan Vanka","description":"Strossmayerova galerija starih majstora","publisher":{"@id":"https:\/\/sgallery.hazu.hr\/izlozba\/vanka\/#organization"},"potentialAction":[{"@type":"SearchAction","target":{"@type":"EntryPoint","urlTemplate":"https:\/\/sgallery.hazu.hr\/izlozba\/vanka\/?s={search_term_string}"},"query-input":{"@type":"PropertyValueSpecification","valueRequired":true,"valueName":"search_term_string"}}],"inLanguage":"hr"},{"@type":"Organization","@id":"https:\/\/sgallery.hazu.hr\/izlozba\/vanka\/#organization","name":"Strossmayerova galerija starih majstora","url":"https:\/\/sgallery.hazu.hr\/izlozba\/vanka\/","logo":{"@type":"ImageObject","inLanguage":"hr","@id":"https:\/\/sgallery.hazu.hr\/izlozba\/vanka\/#\/schema\/logo\/image\/","url":"https:\/\/sgallery.hazu.hr\/izlozba\/vanka\/wp-content\/uploads\/2021\/01\/cropped-Hazu-logo-bitmap-1.bmp","contentUrl":"https:\/\/sgallery.hazu.hr\/izlozba\/vanka\/wp-content\/uploads\/2021\/01\/cropped-Hazu-logo-bitmap-1.bmp","width":512,"height":512,"caption":"Strossmayerova galerija starih majstora"},"image":{"@id":"https:\/\/sgallery.hazu.hr\/izlozba\/vanka\/#\/schema\/logo\/image\/"}}]}},"_links":{"self":[{"href":"https:\/\/sgallery.hazu.hr\/izlozba\/vanka\/wp-json\/wp\/v2\/pages\/2398","targetHints":{"allow":["GET"]}}],"collection":[{"href":"https:\/\/sgallery.hazu.hr\/izlozba\/vanka\/wp-json\/wp\/v2\/pages"}],"about":[{"href":"https:\/\/sgallery.hazu.hr\/izlozba\/vanka\/wp-json\/wp\/v2\/types\/page"}],"author":[{"embeddable":true,"href":"https:\/\/sgallery.hazu.hr\/izlozba\/vanka\/wp-json\/wp\/v2\/users\/3"}],"replies":[{"embeddable":true,"href":"https:\/\/sgallery.hazu.hr\/izlozba\/vanka\/wp-json\/wp\/v2\/comments?post=2398"}],"version-history":[{"count":6,"href":"https:\/\/sgallery.hazu.hr\/izlozba\/vanka\/wp-json\/wp\/v2\/pages\/2398\/revisions"}],"predecessor-version":[{"id":2469,"href":"https:\/\/sgallery.hazu.hr\/izlozba\/vanka\/wp-json\/wp\/v2\/pages\/2398\/revisions\/2469"}],"wp:attachment":[{"href":"https:\/\/sgallery.hazu.hr\/izlozba\/vanka\/wp-json\/wp\/v2\/media?parent=2398"}],"curies":[{"name":"wp","href":"https:\/\/api.w.org\/{rel}","templated":true}]}}