{"id":2068,"date":"2021-01-29T11:20:11","date_gmt":"2021-01-29T11:20:11","guid":{"rendered":"https:\/\/sgallery.hazu.hr\/izlozba\/vanka\/?page_id=2068"},"modified":"2024-04-25T18:32:37","modified_gmt":"2024-04-25T18:32:37","slug":"politika-kolacica","status":"publish","type":"page","link":"https:\/\/sgallery.hazu.hr\/izlozba\/vanka\/politika-kolacica\/","title":{"rendered":"Politika kola\u010di\u0107a"},"content":{"rendered":"<h2 style=\"text-align: justify;\">Vlasnik web mjesta<\/h2>\n<p style=\"text-align: justify;\">Ovo web mjesto je u vlasni\u0161tvu Hrvatske akademije znanosti i umjetnosti.<\/p>\n<h2 style=\"text-align: justify;\">\u0160to su kola\u010di\u0107i?<\/h2>\n<p style=\"text-align: justify;\">Kola\u010di\u0107i (cookies) su male datoteke koje Va\u0161 preglednik sprema na disk prilikom posjete na\u0161e Internet stranice. To omogu\u0107uje na\u0161oj web stranici da prepozna Va\u0161e ra\u010dunalo kada nas sljede\u0107i put posjetite, kako bi vam sukladno tome ponudili personalizirano iskustvo prilikom va\u0161eg surfanja. Kola\u010di\u0107i isklju\u010divo slu\u017ee da osiguraju \u0161to kvalitetnije kori\u0161tenje stranice i kvalitetu sadr\u017eaja koje ona nudi na uvid posjetiteljima. Tako\u0111er kola\u010di\u0107i nisu povezani s ne\u017eeljenim porukama ili spamom, ne spremaju lozinku i nisu namijenjeni reklamama ili ogla\u0161avanju. Informacije poput Va\u0161eg imena ili e-mail adrese ne\u0107e biti spremljene \u2013 web stranice ne mogu pristupiti va\u0161im osobnim informacijama i datotekama na Va\u0161em ra\u010dunalu.<\/p>\n<p style=\"text-align: justify;\">Kako bi na\u0161u web stranicu mogli koristiti na optimalan na\u010din, a sukladno Zakonu o elektroni\u010dkim komunikacijama, Zakonu o za\u0161titi osobnih podataka, Direktivama EU 2002\/58\/EZ i 95\/46\/EZ te GDPR direktivi, preporu\u010dujemo da kliknete \u201ePrihvati\u201c prilikom prve posjete stranici.<\/p>\n<p style=\"text-align: justify;\">Ako imate ra\u010dun i prijavite se na ovu web-stranicu, postaviti \u0107emo privremeni kola\u010di\u0107 kako bi utvrdili da li va\u0161 preglednik prihva\u0107a kola\u010di\u0107e. Ovaj kola\u010di\u0107 ne sadr\u017ei osobne podatke i bri\u0161e se kada ugasite preglednik.<\/p>\n<p style=\"text-align: justify;\">Kada se prijavite, tako\u0111er \u0107emo postaviti nekoliko kola\u010di\u0107a kako bi sa\u010duvali va\u0161e podatke o prijavi i va\u0161e postavke zaslona. Kola\u010di\u0107i prijave traju dva dana, i kola\u010di\u0107i postavki zaslona traju godinu dana. Ako odaberete \u201cZapamti me\u201d, va\u0161a prijava \u0107e trajati 90 dana. Ako se odjavite s ra\u010duna, kola\u010di\u0107i prijave biti \u0107e uklonjeni.<\/p>\n<p style=\"text-align: justify;\">Ako uredite ili objavite \u010dlanak, dodatni kola\u010di\u0107 biti \u0107e spremljen u va\u0161em pregledniku. Ovaj kola\u010di\u0107 ne sadr\u017ei osobne podatke i samo ukazuje na ID objave \u010dlanka koji ste upravo uredili. Kola\u010di\u0107 istekne nakon 1 dana.<\/p>\n<h2 style=\"text-align: justify;\">Vrste kola\u010di\u0107a<\/h2>\n<ul style=\"text-align: justify;\">\n<li>Kola\u010di\u0107i sesije i trajni kola\u010di\u0107i\n<ul>\n<li>Kola\u010di\u0107i sesije (session cookies) su privremeni kola\u010di\u0107i koji istje\u010du nakon \u0161to napustite web stranicu. Ti kola\u010di\u0107i su obvezni za pravilan rad odre\u0111enih aplikacija ili funkcionalnosti na ovoj stranici.<\/li>\n<li>Trajni kola\u010di\u0107i (persistent cookies) se koriste radi pobolj\u0161anja iskustva na\u0161ih korisnika (npr. pam\u0107enje detalja prijave, tako da ih ne morate upisati svaki put kada posjetite web stranicu). Ti kola\u010di\u0107i ostaju u kola\u010di\u0107 datoteci Va\u0161eg preglednika du\u017ee vrijeme. Taj vremenski period ovisit \u0107e o izboru postavki na Va\u0161em Internet pregledniku. Trajni kola\u010di\u0107i omogu\u0107uju da se podaci prenesu na web server svaki put kada posjetite stranicu.<\/li>\n<\/ul>\n<\/li>\n<li>Kola\u010di\u0107i prve i tre\u0107e strane\n<ul>\n<li>Kola\u010di\u0107i prve strane (first-party cookies) \u2013 izdaje ih ova Internet stranica. Ovi kola\u010di\u0107i \u010desto slu\u017ee za pravilan rad web stranice te za pam\u0107enje Va\u0161ih preferencija na web stranici.<\/li>\n<li>Kola\u010di\u0107i tre\u0107e strane (third-party cookies) su kola\u010di\u0107i koji su postavljeni od strane druge web stranice ili usluge kao \u0161to je npr. YouTube. Nemamo pristup ni kontrolu nad ovim kola\u010di\u0107ima. Trebate se konzultirati sa odgovaraju\u0107im pravilima o privatnosti tih tre\u0107ih strana. Ako se nalazite u Europskoj uniji mo\u017eete saznati vi\u0161e o tome kako tre\u0107e strane koriste ove vrste kola\u010di\u0107a na sljede\u0107em linku: <a href=\"http:\/\/www.youronlinechoices.eu\/\">http:\/\/www.youronlinechoices.eu\/<\/a>.<\/li>\n<\/ul>\n<\/li>\n<\/ul>\n<h2 style=\"text-align: justify;\">Za\u0161tita va\u0161e privatnosti<\/h2>\n<p style=\"text-align: justify;\">Niti jedan kola\u010di\u0107 koji sadr\u017ei podatke kojima vas se mo\u017ee jedinstveno identificirati se ne prihva\u0107a dok ne izaberete opciju \u201cPrihvati\u201d. Ugra\u0111eni video se pokre\u0107e u modu koji ne ostavlja kola\u010di\u0107e.<\/p>\n<h2 style=\"text-align: justify;\">Ugra\u0111eni sadr\u017eaj s drugih web-stranica<\/h2>\n<p style=\"text-align: justify;\">\u010clanci na ovoj web-stranici mogu sadr\u017eavati ugra\u0111eni sadr\u017eaj (npr. video, slike, \u010dlanke, itd.). Ugra\u0111eni sadr\u017eaj sa drugih web-stranica pona\u0161a se istovjetno kao da je posjetitelj posjetio tu drugu web-stranicu.<\/p>\n<p style=\"text-align: justify;\">Ove web-stranice mo\u017eda prikupljaju podatke o vama, koriste kola\u010di\u0107e, imaju ugra\u0111eno dodatno pra\u0107enje od tre\u0107ih strana, i nadgledaju va\u0161u interakciju s tim ugra\u0111enim sadr\u017eajem, uklju\u010duju\u0107i pra\u0107enje va\u0161e interakcije s ugra\u0111enim sadr\u017eajem ako imate ra\u010dun i prijavljeni ste na web-stranici.<\/p>\n<p style=\"text-align: justify;\">Za statistike i analitike posje\u0107enosti web stranice:<br \/>\nWeb stranica koristi za pra\u0107enje kola\u010di\u0107e (tre\u0107e strane) koji nam je poma\u017eu unaprijediti daju\u0107i nam agregatne statistike i analitike o posje\u0107enosti korisnika, koji dijelovi stranice su najposje\u0107eniji, broj posjeta iz razli\u010ditih izvora ili organskim pretra\u017eivanjem (primjerice, Google Search). Kola\u010di\u0107i tre\u0107e strane koje koristi web stranica ne identificiraju vas osobno i potpuno su anonimni.<\/p>\n","protected":false},"excerpt":{"rendered":"<p>Vlasnik web mjesta Ovo web mjesto je u vlasni\u0161tvu Hrvatske akademije znanosti i umjetnosti. \u0160to su kola\u010di\u0107i? Kola\u010di\u0107i (cookies) su male datoteke koje Va\u0161 preglednik sprema na disk prilikom posjete na\u0161e Internet stranice. To omogu\u0107uje na\u0161oj web stranici da prepozna Va\u0161e ra\u010dunalo kada nas sljede\u0107i put posjetite, kako bi vam&#8230;<\/p>\n","protected":false},"author":2,"featured_media":0,"parent":0,"menu_order":0,"comment_status":"closed","ping_status":"closed","template":"","meta":{"footnotes":"","_links_to":"","_links_to_target":""},"class_list":["post-2068","page","type-page","status-publish","hentry"],"yoast_head":"<!-- This site is optimized with the Yoast SEO plugin v27.5 - https:\/\/yoast.com\/product\/yoast-seo-wordpress\/ -->\n<title>Politika kola\u010di\u0107a &#8211; Izlo\u017eba umjetnina iz Memorijalne zbirke: Maksimilijan Vanka<\/title>\n<meta name=\"robots\" content=\"index, follow, max-snippet:-1, max-image-preview:large, max-video-preview:-1\" \/>\n<link rel=\"canonical\" href=\"https:\/\/sgallery.hazu.hr\/izlozba\/vanka\/politika-kolacica\/\" \/>\n<meta property=\"og:locale\" content=\"hr_HR\" \/>\n<meta property=\"og:type\" content=\"article\" \/>\n<meta property=\"og:title\" content=\"Politika kola\u010di\u0107a &#8211; Izlo\u017eba umjetnina iz Memorijalne zbirke: Maksimilijan Vanka\" \/>\n<meta property=\"og:description\" content=\"Vlasnik web mjesta Ovo web mjesto je u vlasni\u0161tvu Hrvatske akademije znanosti i umjetnosti. \u0160to su kola\u010di\u0107i? Kola\u010di\u0107i (cookies) su male datoteke koje Va\u0161 preglednik sprema na disk prilikom posjete na\u0161e Internet stranice. To omogu\u0107uje na\u0161oj web stranici da prepozna Va\u0161e ra\u010dunalo kada nas sljede\u0107i put posjetite, kako bi vam...\" \/>\n<meta property=\"og:url\" content=\"https:\/\/sgallery.hazu.hr\/izlozba\/vanka\/politika-kolacica\/\" \/>\n<meta property=\"og:site_name\" content=\"Izlo\u017eba umjetnina iz Memorijalne zbirke: Maksimilijan Vanka\" \/>\n<meta property=\"article:modified_time\" content=\"2024-04-25T18:32:37+00:00\" \/>\n<meta name=\"twitter:card\" content=\"summary_large_image\" \/>\n<meta name=\"twitter:label1\" content=\"Procijenjeno vrijeme \u010ditanja\" \/>\n\t<meta name=\"twitter:data1\" content=\"4 minute\" \/>\n<script type=\"application\/ld+json\" class=\"yoast-schema-graph\">{\"@context\":\"https:\\\/\\\/schema.org\",\"@graph\":[{\"@type\":\"WebPage\",\"@id\":\"https:\\\/\\\/sgallery.hazu.hr\\\/izlozba\\\/vanka\\\/politika-kolacica\\\/\",\"url\":\"https:\\\/\\\/sgallery.hazu.hr\\\/izlozba\\\/vanka\\\/politika-kolacica\\\/\",\"name\":\"Politika kola\u010di\u0107a &#8211; Izlo\u017eba umjetnina iz Memorijalne zbirke: Maksimilijan Vanka\",\"isPartOf\":{\"@id\":\"https:\\\/\\\/sgallery.hazu.hr\\\/izlozba\\\/vanka\\\/#website\"},\"datePublished\":\"2021-01-29T11:20:11+00:00\",\"dateModified\":\"2024-04-25T18:32:37+00:00\",\"breadcrumb\":{\"@id\":\"https:\\\/\\\/sgallery.hazu.hr\\\/izlozba\\\/vanka\\\/politika-kolacica\\\/#breadcrumb\"},\"inLanguage\":\"hr\",\"potentialAction\":[{\"@type\":\"ReadAction\",\"target\":[\"https:\\\/\\\/sgallery.hazu.hr\\\/izlozba\\\/vanka\\\/politika-kolacica\\\/\"]}]},{\"@type\":\"BreadcrumbList\",\"@id\":\"https:\\\/\\\/sgallery.hazu.hr\\\/izlozba\\\/vanka\\\/politika-kolacica\\\/#breadcrumb\",\"itemListElement\":[{\"@type\":\"ListItem\",\"position\":1,\"name\":\"Po\u010detna stranica\",\"item\":\"https:\\\/\\\/sgallery.hazu.hr\\\/izlozba\\\/vanka\\\/\"},{\"@type\":\"ListItem\",\"position\":2,\"name\":\"Politika kola\u010di\u0107a\"}]},{\"@type\":\"WebSite\",\"@id\":\"https:\\\/\\\/sgallery.hazu.hr\\\/izlozba\\\/vanka\\\/#website\",\"url\":\"https:\\\/\\\/sgallery.hazu.hr\\\/izlozba\\\/vanka\\\/\",\"name\":\"Izlo\u017eba umjetnina iz Memorijalne zbirke: Maksimilijan Vanka\",\"description\":\"Strossmayerova galerija starih majstora\",\"publisher\":{\"@id\":\"https:\\\/\\\/sgallery.hazu.hr\\\/izlozba\\\/vanka\\\/#organization\"},\"potentialAction\":[{\"@type\":\"SearchAction\",\"target\":{\"@type\":\"EntryPoint\",\"urlTemplate\":\"https:\\\/\\\/sgallery.hazu.hr\\\/izlozba\\\/vanka\\\/?s={search_term_string}\"},\"query-input\":{\"@type\":\"PropertyValueSpecification\",\"valueRequired\":true,\"valueName\":\"search_term_string\"}}],\"inLanguage\":\"hr\"},{\"@type\":\"Organization\",\"@id\":\"https:\\\/\\\/sgallery.hazu.hr\\\/izlozba\\\/vanka\\\/#organization\",\"name\":\"Strossmayerova galerija starih majstora\",\"url\":\"https:\\\/\\\/sgallery.hazu.hr\\\/izlozba\\\/vanka\\\/\",\"logo\":{\"@type\":\"ImageObject\",\"inLanguage\":\"hr\",\"@id\":\"https:\\\/\\\/sgallery.hazu.hr\\\/izlozba\\\/vanka\\\/#\\\/schema\\\/logo\\\/image\\\/\",\"url\":\"https:\\\/\\\/sgallery.hazu.hr\\\/izlozba\\\/vanka\\\/wp-content\\\/uploads\\\/2021\\\/01\\\/cropped-Hazu-logo-bitmap-1.bmp\",\"contentUrl\":\"https:\\\/\\\/sgallery.hazu.hr\\\/izlozba\\\/vanka\\\/wp-content\\\/uploads\\\/2021\\\/01\\\/cropped-Hazu-logo-bitmap-1.bmp\",\"width\":512,\"height\":512,\"caption\":\"Strossmayerova galerija starih majstora\"},\"image\":{\"@id\":\"https:\\\/\\\/sgallery.hazu.hr\\\/izlozba\\\/vanka\\\/#\\\/schema\\\/logo\\\/image\\\/\"}}]}<\/script>\n<!-- \/ Yoast SEO plugin. -->","yoast_head_json":{"title":"Politika kola\u010di\u0107a &#8211; Izlo\u017eba umjetnina iz Memorijalne zbirke: Maksimilijan Vanka","robots":{"index":"index","follow":"follow","max-snippet":"max-snippet:-1","max-image-preview":"max-image-preview:large","max-video-preview":"max-video-preview:-1"},"canonical":"https:\/\/sgallery.hazu.hr\/izlozba\/vanka\/politika-kolacica\/","og_locale":"hr_HR","og_type":"article","og_title":"Politika kola\u010di\u0107a &#8211; Izlo\u017eba umjetnina iz Memorijalne zbirke: Maksimilijan Vanka","og_description":"Vlasnik web mjesta Ovo web mjesto je u vlasni\u0161tvu Hrvatske akademije znanosti i umjetnosti. \u0160to su kola\u010di\u0107i? Kola\u010di\u0107i (cookies) su male datoteke koje Va\u0161 preglednik sprema na disk prilikom posjete na\u0161e Internet stranice. To omogu\u0107uje na\u0161oj web stranici da prepozna Va\u0161e ra\u010dunalo kada nas sljede\u0107i put posjetite, kako bi vam...","og_url":"https:\/\/sgallery.hazu.hr\/izlozba\/vanka\/politika-kolacica\/","og_site_name":"Izlo\u017eba umjetnina iz Memorijalne zbirke: Maksimilijan Vanka","article_modified_time":"2024-04-25T18:32:37+00:00","twitter_card":"summary_large_image","twitter_misc":{"Procijenjeno vrijeme \u010ditanja":"4 minute"},"schema":{"@context":"https:\/\/schema.org","@graph":[{"@type":"WebPage","@id":"https:\/\/sgallery.hazu.hr\/izlozba\/vanka\/politika-kolacica\/","url":"https:\/\/sgallery.hazu.hr\/izlozba\/vanka\/politika-kolacica\/","name":"Politika kola\u010di\u0107a &#8211; Izlo\u017eba umjetnina iz Memorijalne zbirke: Maksimilijan Vanka","isPartOf":{"@id":"https:\/\/sgallery.hazu.hr\/izlozba\/vanka\/#website"},"datePublished":"2021-01-29T11:20:11+00:00","dateModified":"2024-04-25T18:32:37+00:00","breadcrumb":{"@id":"https:\/\/sgallery.hazu.hr\/izlozba\/vanka\/politika-kolacica\/#breadcrumb"},"inLanguage":"hr","potentialAction":[{"@type":"ReadAction","target":["https:\/\/sgallery.hazu.hr\/izlozba\/vanka\/politika-kolacica\/"]}]},{"@type":"BreadcrumbList","@id":"https:\/\/sgallery.hazu.hr\/izlozba\/vanka\/politika-kolacica\/#breadcrumb","itemListElement":[{"@type":"ListItem","position":1,"name":"Po\u010detna stranica","item":"https:\/\/sgallery.hazu.hr\/izlozba\/vanka\/"},{"@type":"ListItem","position":2,"name":"Politika kola\u010di\u0107a"}]},{"@type":"WebSite","@id":"https:\/\/sgallery.hazu.hr\/izlozba\/vanka\/#website","url":"https:\/\/sgallery.hazu.hr\/izlozba\/vanka\/","name":"Izlo\u017eba umjetnina iz Memorijalne zbirke: Maksimilijan Vanka","description":"Strossmayerova galerija starih majstora","publisher":{"@id":"https:\/\/sgallery.hazu.hr\/izlozba\/vanka\/#organization"},"potentialAction":[{"@type":"SearchAction","target":{"@type":"EntryPoint","urlTemplate":"https:\/\/sgallery.hazu.hr\/izlozba\/vanka\/?s={search_term_string}"},"query-input":{"@type":"PropertyValueSpecification","valueRequired":true,"valueName":"search_term_string"}}],"inLanguage":"hr"},{"@type":"Organization","@id":"https:\/\/sgallery.hazu.hr\/izlozba\/vanka\/#organization","name":"Strossmayerova galerija starih majstora","url":"https:\/\/sgallery.hazu.hr\/izlozba\/vanka\/","logo":{"@type":"ImageObject","inLanguage":"hr","@id":"https:\/\/sgallery.hazu.hr\/izlozba\/vanka\/#\/schema\/logo\/image\/","url":"https:\/\/sgallery.hazu.hr\/izlozba\/vanka\/wp-content\/uploads\/2021\/01\/cropped-Hazu-logo-bitmap-1.bmp","contentUrl":"https:\/\/sgallery.hazu.hr\/izlozba\/vanka\/wp-content\/uploads\/2021\/01\/cropped-Hazu-logo-bitmap-1.bmp","width":512,"height":512,"caption":"Strossmayerova galerija starih majstora"},"image":{"@id":"https:\/\/sgallery.hazu.hr\/izlozba\/vanka\/#\/schema\/logo\/image\/"}}]}},"_links":{"self":[{"href":"https:\/\/sgallery.hazu.hr\/izlozba\/vanka\/wp-json\/wp\/v2\/pages\/2068","targetHints":{"allow":["GET"]}}],"collection":[{"href":"https:\/\/sgallery.hazu.hr\/izlozba\/vanka\/wp-json\/wp\/v2\/pages"}],"about":[{"href":"https:\/\/sgallery.hazu.hr\/izlozba\/vanka\/wp-json\/wp\/v2\/types\/page"}],"author":[{"embeddable":true,"href":"https:\/\/sgallery.hazu.hr\/izlozba\/vanka\/wp-json\/wp\/v2\/users\/2"}],"replies":[{"embeddable":true,"href":"https:\/\/sgallery.hazu.hr\/izlozba\/vanka\/wp-json\/wp\/v2\/comments?post=2068"}],"version-history":[{"count":2,"href":"https:\/\/sgallery.hazu.hr\/izlozba\/vanka\/wp-json\/wp\/v2\/pages\/2068\/revisions"}],"predecessor-version":[{"id":2424,"href":"https:\/\/sgallery.hazu.hr\/izlozba\/vanka\/wp-json\/wp\/v2\/pages\/2068\/revisions\/2424"}],"wp:attachment":[{"href":"https:\/\/sgallery.hazu.hr\/izlozba\/vanka\/wp-json\/wp\/v2\/media?parent=2068"}],"curies":[{"name":"wp","href":"https:\/\/api.w.org\/{rel}","templated":true}]}}