{"id":1042,"date":"2021-01-13T17:51:17","date_gmt":"2021-01-13T17:51:17","guid":{"rendered":"https:\/\/sgallery.hazu.hr\/izlozba\/vanka\/?page_id=1042"},"modified":"2021-02-05T10:27:49","modified_gmt":"2021-02-05T10:27:49","slug":"impressum","status":"publish","type":"page","link":"https:\/\/sgallery.hazu.hr\/izlozba\/vanka\/impressum\/","title":{"rendered":"Impressum"},"content":{"rendered":"<div id=\"pl-1042\"  class=\"panel-layout\" ><div id=\"pg-1042-0\"  class=\"panel-grid panel-no-style\" ><div id=\"pgc-1042-0-0\"  class=\"panel-grid-cell\" ><div id=\"panel-1042-0-0-0\" class=\"so-panel widget widget_sow-editor panel-first-child\" data-index=\"0\" ><div\n\t\t\t\n\t\t\tclass=\"so-widget-sow-editor so-widget-sow-editor-base\"\n\t\t\t\n\t\t>\n<div class=\"siteorigin-widget-tinymce textwidget\">\n\t<h1 style=\"text-align: center;\">Impressum<\/h1>\n<p style=\"text-align: center;\">Nakladnik:<br \/>\nHrvatska akademija znanosti i umjetnosti<br \/>\nTrg Nikole \u0160ubi\u0107a Zrinskog 11, 10000 Zagreb<\/p>\n<p style=\"text-align: center;\">Za nakladnika:<br \/>\nAkademik Dario Vretenar, glavni tajnik<\/p>\n<p style=\"text-align: center;\">Odgovorni urednik:<br \/>\nAkademik Vladimir Markovi\u0107<\/p>\n<p style=\"text-align: center;\">Urednik:<br \/>\nBorivoj Popov\u010dak<\/p>\n<p style=\"text-align: center;\">Autorica virtualne izlo\u017ebe:<br \/>\nIvana Gr\u017eina<\/p>\n<p style=\"text-align: center;\">Recenzentice teksta uz virtualnu izlo\u017ebu:<br \/>\n<span style=\"font-size: 0.9375rem;\">dr. sc. Ivana Mance<br \/>\n<\/span><span style=\"font-size: 0.9375rem;\">dr. sc. Ana \u0160eparovi\u0107<\/span><\/p>\n<p style=\"text-align: center;\">Lektura i korektura:<br \/>\nMaja Silov Toverni\u0107<\/p>\n<p style=\"text-align: center;\">Oblikovanje, programiranje i implementacija izlo\u017ebe:<br \/>\nLink2 d.o.o.<br \/>\nGoran Zlodi<br \/>\nIvanka Maroevi\u0107<\/p>\n<p style=\"text-align: center;\">Fotografije:<br \/>\nArhiv Memorijalne zbirke Maksimilijan Vanka HAZU<br \/>\nDamir Fabijani\u0107<br \/>\nFototeka Strossmayerove galerije starih majstora HAZU<br \/>\nHrvatski dr\u017eavni arhiv<br \/>\nKabinet grafike HAZU<br \/>\nOdsjek za povijest hrvatskog kazali\u0161ta Zavoda za povijest hrvatske knji\u017eevnosti, kazali\u0161ta i glazbe HAZU<\/p>\n<p style=\"text-align: center;\">Godina izdanja: 2020.<\/p>\n<p style=\"text-align: center;\">Izlo\u017eba je ostvarena financijskom potporom Ministarstva kulture i medija Republike Hrvatske.<\/p>\n<\/div>\n<\/div><\/div><div id=\"panel-1042-0-0-1\" class=\"widget_text so-panel widget widget_custom_html panel-last-child\" data-index=\"1\" ><div class=\"textwidget custom-html-widget\"><style>\n\n\t.entry-footer{display:none}\n<\/style><\/div><\/div><\/div><\/div><\/div>","protected":false},"excerpt":{"rendered":"<p>Impressum Nakladnik: Hrvatska akademija znanosti i umjetnosti Trg Nikole \u0160ubi\u0107a Zrinskog 11, 10000 Zagreb Za nakladnika: Akademik Dario Vretenar, glavni tajnik Odgovorni urednik: Akademik Vladimir Markovi\u0107 Urednik: Borivoj Popov\u010dak Autorica virtualne izlo\u017ebe: Ivana Gr\u017eina Recenzentice teksta uz virtualnu izlo\u017ebu: dr. sc. Ivana Mance dr. sc. Ana \u0160eparovi\u0107 Lektura i korektura:&#8230;<\/p>\n","protected":false},"author":2,"featured_media":0,"parent":0,"menu_order":0,"comment_status":"closed","ping_status":"closed","template":"","meta":{"footnotes":"","_links_to":"","_links_to_target":""},"class_list":["post-1042","page","type-page","status-publish","hentry"],"yoast_head":"<!-- This site is optimized with the Yoast SEO plugin v27.5 - https:\/\/yoast.com\/product\/yoast-seo-wordpress\/ -->\n<title>Impressum &#8211; Izlo\u017eba umjetnina iz Memorijalne zbirke: Maksimilijan Vanka<\/title>\n<meta name=\"robots\" content=\"index, follow, max-snippet:-1, max-image-preview:large, max-video-preview:-1\" \/>\n<link rel=\"canonical\" href=\"https:\/\/sgallery.hazu.hr\/izlozba\/vanka\/impressum\/\" \/>\n<meta property=\"og:locale\" content=\"hr_HR\" \/>\n<meta property=\"og:type\" content=\"article\" \/>\n<meta property=\"og:title\" content=\"Impressum &#8211; Izlo\u017eba umjetnina iz Memorijalne zbirke: Maksimilijan Vanka\" \/>\n<meta property=\"og:description\" content=\"Impressum Nakladnik: Hrvatska akademija znanosti i umjetnosti Trg Nikole \u0160ubi\u0107a Zrinskog 11, 10000 Zagreb Za nakladnika: Akademik Dario Vretenar, glavni tajnik Odgovorni urednik: Akademik Vladimir Markovi\u0107 Urednik: Borivoj Popov\u010dak Autorica virtualne izlo\u017ebe: Ivana Gr\u017eina Recenzentice teksta uz virtualnu izlo\u017ebu: dr. sc. Ivana Mance dr. sc. Ana \u0160eparovi\u0107 Lektura i korektura:...\" \/>\n<meta property=\"og:url\" content=\"https:\/\/sgallery.hazu.hr\/izlozba\/vanka\/impressum\/\" \/>\n<meta property=\"og:site_name\" content=\"Izlo\u017eba umjetnina iz Memorijalne zbirke: Maksimilijan Vanka\" \/>\n<meta property=\"article:modified_time\" content=\"2021-02-05T10:27:49+00:00\" \/>\n<meta name=\"twitter:card\" content=\"summary_large_image\" \/>\n<meta name=\"twitter:label1\" content=\"Procijenjeno vrijeme \u010ditanja\" \/>\n\t<meta name=\"twitter:data1\" content=\"1 minuta\" \/>\n<script type=\"application\/ld+json\" class=\"yoast-schema-graph\">{\"@context\":\"https:\\\/\\\/schema.org\",\"@graph\":[{\"@type\":\"WebPage\",\"@id\":\"https:\\\/\\\/sgallery.hazu.hr\\\/izlozba\\\/vanka\\\/impressum\\\/\",\"url\":\"https:\\\/\\\/sgallery.hazu.hr\\\/izlozba\\\/vanka\\\/impressum\\\/\",\"name\":\"Impressum &#8211; Izlo\u017eba umjetnina iz Memorijalne zbirke: Maksimilijan Vanka\",\"isPartOf\":{\"@id\":\"https:\\\/\\\/sgallery.hazu.hr\\\/izlozba\\\/vanka\\\/#website\"},\"datePublished\":\"2021-01-13T17:51:17+00:00\",\"dateModified\":\"2021-02-05T10:27:49+00:00\",\"breadcrumb\":{\"@id\":\"https:\\\/\\\/sgallery.hazu.hr\\\/izlozba\\\/vanka\\\/impressum\\\/#breadcrumb\"},\"inLanguage\":\"hr\",\"potentialAction\":[{\"@type\":\"ReadAction\",\"target\":[\"https:\\\/\\\/sgallery.hazu.hr\\\/izlozba\\\/vanka\\\/impressum\\\/\"]}]},{\"@type\":\"BreadcrumbList\",\"@id\":\"https:\\\/\\\/sgallery.hazu.hr\\\/izlozba\\\/vanka\\\/impressum\\\/#breadcrumb\",\"itemListElement\":[{\"@type\":\"ListItem\",\"position\":1,\"name\":\"Po\u010detna stranica\",\"item\":\"https:\\\/\\\/sgallery.hazu.hr\\\/izlozba\\\/vanka\\\/\"},{\"@type\":\"ListItem\",\"position\":2,\"name\":\"Impressum\"}]},{\"@type\":\"WebSite\",\"@id\":\"https:\\\/\\\/sgallery.hazu.hr\\\/izlozba\\\/vanka\\\/#website\",\"url\":\"https:\\\/\\\/sgallery.hazu.hr\\\/izlozba\\\/vanka\\\/\",\"name\":\"Izlo\u017eba umjetnina iz Memorijalne zbirke: Maksimilijan Vanka\",\"description\":\"Strossmayerova galerija starih majstora\",\"publisher\":{\"@id\":\"https:\\\/\\\/sgallery.hazu.hr\\\/izlozba\\\/vanka\\\/#organization\"},\"potentialAction\":[{\"@type\":\"SearchAction\",\"target\":{\"@type\":\"EntryPoint\",\"urlTemplate\":\"https:\\\/\\\/sgallery.hazu.hr\\\/izlozba\\\/vanka\\\/?s={search_term_string}\"},\"query-input\":{\"@type\":\"PropertyValueSpecification\",\"valueRequired\":true,\"valueName\":\"search_term_string\"}}],\"inLanguage\":\"hr\"},{\"@type\":\"Organization\",\"@id\":\"https:\\\/\\\/sgallery.hazu.hr\\\/izlozba\\\/vanka\\\/#organization\",\"name\":\"Strossmayerova galerija starih majstora\",\"url\":\"https:\\\/\\\/sgallery.hazu.hr\\\/izlozba\\\/vanka\\\/\",\"logo\":{\"@type\":\"ImageObject\",\"inLanguage\":\"hr\",\"@id\":\"https:\\\/\\\/sgallery.hazu.hr\\\/izlozba\\\/vanka\\\/#\\\/schema\\\/logo\\\/image\\\/\",\"url\":\"https:\\\/\\\/sgallery.hazu.hr\\\/izlozba\\\/vanka\\\/wp-content\\\/uploads\\\/2021\\\/01\\\/cropped-Hazu-logo-bitmap-1.bmp\",\"contentUrl\":\"https:\\\/\\\/sgallery.hazu.hr\\\/izlozba\\\/vanka\\\/wp-content\\\/uploads\\\/2021\\\/01\\\/cropped-Hazu-logo-bitmap-1.bmp\",\"width\":512,\"height\":512,\"caption\":\"Strossmayerova galerija starih majstora\"},\"image\":{\"@id\":\"https:\\\/\\\/sgallery.hazu.hr\\\/izlozba\\\/vanka\\\/#\\\/schema\\\/logo\\\/image\\\/\"}}]}<\/script>\n<!-- \/ Yoast SEO plugin. -->","yoast_head_json":{"title":"Impressum &#8211; Izlo\u017eba umjetnina iz Memorijalne zbirke: Maksimilijan Vanka","robots":{"index":"index","follow":"follow","max-snippet":"max-snippet:-1","max-image-preview":"max-image-preview:large","max-video-preview":"max-video-preview:-1"},"canonical":"https:\/\/sgallery.hazu.hr\/izlozba\/vanka\/impressum\/","og_locale":"hr_HR","og_type":"article","og_title":"Impressum &#8211; Izlo\u017eba umjetnina iz Memorijalne zbirke: Maksimilijan Vanka","og_description":"Impressum Nakladnik: Hrvatska akademija znanosti i umjetnosti Trg Nikole \u0160ubi\u0107a Zrinskog 11, 10000 Zagreb Za nakladnika: Akademik Dario Vretenar, glavni tajnik Odgovorni urednik: Akademik Vladimir Markovi\u0107 Urednik: Borivoj Popov\u010dak Autorica virtualne izlo\u017ebe: Ivana Gr\u017eina Recenzentice teksta uz virtualnu izlo\u017ebu: dr. sc. Ivana Mance dr. sc. Ana \u0160eparovi\u0107 Lektura i korektura:...","og_url":"https:\/\/sgallery.hazu.hr\/izlozba\/vanka\/impressum\/","og_site_name":"Izlo\u017eba umjetnina iz Memorijalne zbirke: Maksimilijan Vanka","article_modified_time":"2021-02-05T10:27:49+00:00","twitter_card":"summary_large_image","twitter_misc":{"Procijenjeno vrijeme \u010ditanja":"1 minuta"},"schema":{"@context":"https:\/\/schema.org","@graph":[{"@type":"WebPage","@id":"https:\/\/sgallery.hazu.hr\/izlozba\/vanka\/impressum\/","url":"https:\/\/sgallery.hazu.hr\/izlozba\/vanka\/impressum\/","name":"Impressum &#8211; Izlo\u017eba umjetnina iz Memorijalne zbirke: Maksimilijan Vanka","isPartOf":{"@id":"https:\/\/sgallery.hazu.hr\/izlozba\/vanka\/#website"},"datePublished":"2021-01-13T17:51:17+00:00","dateModified":"2021-02-05T10:27:49+00:00","breadcrumb":{"@id":"https:\/\/sgallery.hazu.hr\/izlozba\/vanka\/impressum\/#breadcrumb"},"inLanguage":"hr","potentialAction":[{"@type":"ReadAction","target":["https:\/\/sgallery.hazu.hr\/izlozba\/vanka\/impressum\/"]}]},{"@type":"BreadcrumbList","@id":"https:\/\/sgallery.hazu.hr\/izlozba\/vanka\/impressum\/#breadcrumb","itemListElement":[{"@type":"ListItem","position":1,"name":"Po\u010detna stranica","item":"https:\/\/sgallery.hazu.hr\/izlozba\/vanka\/"},{"@type":"ListItem","position":2,"name":"Impressum"}]},{"@type":"WebSite","@id":"https:\/\/sgallery.hazu.hr\/izlozba\/vanka\/#website","url":"https:\/\/sgallery.hazu.hr\/izlozba\/vanka\/","name":"Izlo\u017eba umjetnina iz Memorijalne zbirke: Maksimilijan Vanka","description":"Strossmayerova galerija starih majstora","publisher":{"@id":"https:\/\/sgallery.hazu.hr\/izlozba\/vanka\/#organization"},"potentialAction":[{"@type":"SearchAction","target":{"@type":"EntryPoint","urlTemplate":"https:\/\/sgallery.hazu.hr\/izlozba\/vanka\/?s={search_term_string}"},"query-input":{"@type":"PropertyValueSpecification","valueRequired":true,"valueName":"search_term_string"}}],"inLanguage":"hr"},{"@type":"Organization","@id":"https:\/\/sgallery.hazu.hr\/izlozba\/vanka\/#organization","name":"Strossmayerova galerija starih majstora","url":"https:\/\/sgallery.hazu.hr\/izlozba\/vanka\/","logo":{"@type":"ImageObject","inLanguage":"hr","@id":"https:\/\/sgallery.hazu.hr\/izlozba\/vanka\/#\/schema\/logo\/image\/","url":"https:\/\/sgallery.hazu.hr\/izlozba\/vanka\/wp-content\/uploads\/2021\/01\/cropped-Hazu-logo-bitmap-1.bmp","contentUrl":"https:\/\/sgallery.hazu.hr\/izlozba\/vanka\/wp-content\/uploads\/2021\/01\/cropped-Hazu-logo-bitmap-1.bmp","width":512,"height":512,"caption":"Strossmayerova galerija starih majstora"},"image":{"@id":"https:\/\/sgallery.hazu.hr\/izlozba\/vanka\/#\/schema\/logo\/image\/"}}]}},"_links":{"self":[{"href":"https:\/\/sgallery.hazu.hr\/izlozba\/vanka\/wp-json\/wp\/v2\/pages\/1042","targetHints":{"allow":["GET"]}}],"collection":[{"href":"https:\/\/sgallery.hazu.hr\/izlozba\/vanka\/wp-json\/wp\/v2\/pages"}],"about":[{"href":"https:\/\/sgallery.hazu.hr\/izlozba\/vanka\/wp-json\/wp\/v2\/types\/page"}],"author":[{"embeddable":true,"href":"https:\/\/sgallery.hazu.hr\/izlozba\/vanka\/wp-json\/wp\/v2\/users\/2"}],"replies":[{"embeddable":true,"href":"https:\/\/sgallery.hazu.hr\/izlozba\/vanka\/wp-json\/wp\/v2\/comments?post=1042"}],"version-history":[{"count":10,"href":"https:\/\/sgallery.hazu.hr\/izlozba\/vanka\/wp-json\/wp\/v2\/pages\/1042\/revisions"}],"predecessor-version":[{"id":2078,"href":"https:\/\/sgallery.hazu.hr\/izlozba\/vanka\/wp-json\/wp\/v2\/pages\/1042\/revisions\/2078"}],"wp:attachment":[{"href":"https:\/\/sgallery.hazu.hr\/izlozba\/vanka\/wp-json\/wp\/v2\/media?parent=1042"}],"curies":[{"name":"wp","href":"https:\/\/api.w.org\/{rel}","templated":true}]}}