{"id":683,"date":"2020-11-11T10:40:55","date_gmt":"2020-11-11T10:40:55","guid":{"rendered":"https:\/\/sgallery.hazu.hr\/izlozba\/svecanost-otvorenja-1884\/?page_id=683"},"modified":"2021-01-07T15:00:52","modified_gmt":"2021-01-07T14:00:52","slug":"barun-ljudevit-vranyczany-dobrinovic-biskupov-domacin-tijekom-svecanih-dogadanja-u-studenome-1884","status":"publish","type":"page","link":"https:\/\/sgallery.hazu.hr\/izlozba\/svecanost-otvorenja-1884\/barun-ljudevit-vranyczany-dobrinovic-biskupov-domacin-tijekom-svecanih-dogadanja-u-studenome-1884\/","title":{"rendered":"Barun Ljudevit Vranyczany Dobrinovi\u0107 \u2013 biskupov doma\u0107in tijekom sve\u010danih doga\u0111anja u studenome 1884."},"content":{"rendered":"\n<figure class=\"wp-block-image size-large is-style-default\" id=\"5a-1\"><a href=\"https:\/\/sgallery.hazu.hr\/izlozba\/svecanost-otvorenja-1884\/wp-content\/uploads\/2020\/11\/5a1_Ljudevit-Vranyczany_HDA-0782-album.jpg\" data-lbwps-width=\"1225\" data-lbwps-height=\"1920\" data-lbwps-srcsmall=\"https:\/\/sgallery.hazu.hr\/izlozba\/svecanost-otvorenja-1884\/wp-content\/uploads\/2020\/11\/5a1_Ljudevit-Vranyczany_HDA-0782-album-191x300.jpg\"><img decoding=\"async\" width=\"653\" height=\"1024\" src=\"https:\/\/sgallery.hazu.hr\/izlozba\/svecanost-otvorenja-1884\/wp-content\/uploads\/2020\/11\/5a1_Ljudevit-Vranyczany_HDA-0782-album-653x1024.jpg\" alt=\"\" class=\"wp-image-686\" srcset=\"https:\/\/sgallery.hazu.hr\/izlozba\/svecanost-otvorenja-1884\/wp-content\/uploads\/2020\/11\/5a1_Ljudevit-Vranyczany_HDA-0782-album-653x1024.jpg 653w, https:\/\/sgallery.hazu.hr\/izlozba\/svecanost-otvorenja-1884\/wp-content\/uploads\/2020\/11\/5a1_Ljudevit-Vranyczany_HDA-0782-album-191x300.jpg 191w, https:\/\/sgallery.hazu.hr\/izlozba\/svecanost-otvorenja-1884\/wp-content\/uploads\/2020\/11\/5a1_Ljudevit-Vranyczany_HDA-0782-album-768x1204.jpg 768w, https:\/\/sgallery.hazu.hr\/izlozba\/svecanost-otvorenja-1884\/wp-content\/uploads\/2020\/11\/5a1_Ljudevit-Vranyczany_HDA-0782-album-980x1536.jpg 980w, https:\/\/sgallery.hazu.hr\/izlozba\/svecanost-otvorenja-1884\/wp-content\/uploads\/2020\/11\/5a1_Ljudevit-Vranyczany_HDA-0782-album.jpg 1225w\" sizes=\"(max-width: 653px) 100vw, 653px\" \/><\/a><figcaption>Barun Ljudevit Vranyczany Dobrinovi\u0107 (vlasni\u0161tvo\/imatelj: Hrvatski dr\u017eavni arhiv)<\/figcaption><\/figure>\n\n\n\n<p>Biskupov doma\u0107in u Zagrebu u studenome 1884., Ljudevit Vranyczany, ba\u0161 kao i njegova mla\u0111a bra\u0107a Dragan i Vladimir, bio je istaknuti filantrop i mecena. Stasav\u0161i u nacionalno osvije\u0161tenoj i dru\u0161tveno anga\u017eiranoj plemi\u0107koj obitelji, obdaren k tomu kozmopolitskim duhom i interesom za umjetnost, aktivno je podupirao doma\u0107e kulturne i prosvjetne institucije i umjetnike. \u201ePatrioti\u010dni barun\u201c, kako ga nazivaju u onda\u0161njim novinskim osvrtima na sve\u010danost otvorenja, po\u010detkom listopada ponudio je Strossmayeru da ga za trajanja sve\u010danosti zajedno s tajnikom Cepeli\u0107em ugosti u svome domu, smje\u0161tenom tik do Akademijine zgrade, na jugoisto\u010dnom dijelu Zrinskoga trga. <a href=\"https:\/\/dizbi.hazu.hr\/a\/?pr=iiif.v.a&amp;id=2023453\" data-type=\"URL\" data-id=\"https:\/\/dizbi.hazu.hr\/a\/?pr=iiif.v.a&amp;id=2023453\" target=\"_blank\" rel=\"noreferrer noopener\">Rasko\u0161na uglovnica<\/a>, dovr\u0161ena tek godinu dana ranije, izgra\u0111ena je po projektu presti\u017enoga be\u010dkog arhitekta Otta von Hofera iz atelijera carskog arhitekta Carla von Hasenauera.<\/p>\n\n\n\n<figure class=\"wp-block-image size-full is-style-default\" id=\"5a-2\"><a href=\"https:\/\/sgallery.hazu.hr\/izlozba\/svecanost-otvorenja-1884\/wp-content\/uploads\/2020\/11\/5a2_f_Palaca-Vranyczany_fot-10775_MGZ.jpg\" data-lbwps-width=\"1552\" data-lbwps-height=\"1920\" data-lbwps-srcsmall=\"https:\/\/sgallery.hazu.hr\/izlozba\/svecanost-otvorenja-1884\/wp-content\/uploads\/2020\/11\/5a2_f_Palaca-Vranyczany_fot-10775_MGZ-243x300.jpg\"><img decoding=\"async\" width=\"1552\" height=\"1920\" src=\"https:\/\/sgallery.hazu.hr\/izlozba\/svecanost-otvorenja-1884\/wp-content\/uploads\/2020\/11\/5a2_f_Palaca-Vranyczany_fot-10775_MGZ.jpg\" alt=\"\" class=\"wp-image-687\" srcset=\"https:\/\/sgallery.hazu.hr\/izlozba\/svecanost-otvorenja-1884\/wp-content\/uploads\/2020\/11\/5a2_f_Palaca-Vranyczany_fot-10775_MGZ.jpg 1552w, https:\/\/sgallery.hazu.hr\/izlozba\/svecanost-otvorenja-1884\/wp-content\/uploads\/2020\/11\/5a2_f_Palaca-Vranyczany_fot-10775_MGZ-243x300.jpg 243w, https:\/\/sgallery.hazu.hr\/izlozba\/svecanost-otvorenja-1884\/wp-content\/uploads\/2020\/11\/5a2_f_Palaca-Vranyczany_fot-10775_MGZ-828x1024.jpg 828w, https:\/\/sgallery.hazu.hr\/izlozba\/svecanost-otvorenja-1884\/wp-content\/uploads\/2020\/11\/5a2_f_Palaca-Vranyczany_fot-10775_MGZ-768x950.jpg 768w, https:\/\/sgallery.hazu.hr\/izlozba\/svecanost-otvorenja-1884\/wp-content\/uploads\/2020\/11\/5a2_f_Palaca-Vranyczany_fot-10775_MGZ-1242x1536.jpg 1242w\" sizes=\"(max-width: 1552px) 100vw, 1552px\" \/><\/a><figcaption>Pala\u010da Ljudevita Vranyczanyja, pogled na glavni ulaz i sve\u010dani balkon s kojega su biskup i doma\u0107in pozdravljali mno\u0161tvo (vlasni\u0161tvo\/imatelj: Muzej grada Zagreba)<\/figcaption><\/figure>\n\n\n\n<blockquote class=\"wp-block-quote is-layout-flow wp-block-quote-is-layout-flow\"><p>U svu sre\u0107u i na diku Zagrebu gradu sagradi presv. g. barun Ljudevit Vranicani-Dobrinovi\u0107 na Zrinskovcu u susjedstvu akademije veleliepu pala\u010du sa krasnim perivoji\u0107em u dvori\u0161tu i sa triemom (loggiatom), proturenim na Zrinskovac, stoje\u0107im na mramornim stupovima. Sav svoj velegospodski stan u toj pala\u010di, sve svoje dvoranstvo i drugu udobnost ponudi patrioti\u010dni barun biskupu na porabu za vrieme njegova boravka u Zagrebu. S triema Vranicanove pala\u010de vidi\u0161 akademijsku pala\u010du, sav Zrinskova\u010dki perivoj i ine pala\u010de oko njega, vidi\u0161 \u010dela \u010detiriju dvokatnica na lievoj strani Valerijske ulice a opa\u017ea\u0161 na sjevero-izto\u010dnom zadku toranj i krov sv. kralja te Zagreba\u010dku goru; ne bi se dakle u Zagrebu na\u0161ao stan ni ljep\u0161i ni dostojniji stvoritelja akademije i darovatelja galerije, do\u0161av\u0161ega, da starje\u0161uje otvoraju svoje galerije.<cite>(iz: \u201eSve\u010danosti otvoraja galerije slika u Zagrebu na 8. i 9. studenoga 1884.\u201c, <em>Zvonimir<\/em>, 1886.)<\/cite><\/p><\/blockquote>\n\n\n\n<p>Stan baruna Ljudevita, koji je zauzimao ve\u0107i dio prvog kata \u2013 dok su se prizemlje, prvi kat isto\u010dnoga krila i drugi kat iznajmljivali \u2013 unutra\u0161njim je ure\u0111enjem odra\u017eavao sraz aristokratskog i gra\u0111anskog ukusa. Inspiracija interijerima be\u010dkoga visokog plemstva pritom je bila najo\u010ditija u reprezentativnim dijelovima pala\u010de \u2013 predvorju, sve\u010danoj dvorani i plavom salonu.<\/p>\n\n\n\n<figure class=\"wp-block-image size-full is-style-default\" id=\"5a-3\"><a href=\"https:\/\/sgallery.hazu.hr\/izlozba\/svecanost-otvorenja-1884\/wp-content\/uploads\/2020\/11\/5a3_Kuca-Ljudevita-Vranyczanyja-1885.jpg\" data-lbwps-width=\"1729\" data-lbwps-height=\"2560\" data-lbwps-srcsmall=\"https:\/\/sgallery.hazu.hr\/izlozba\/svecanost-otvorenja-1884\/wp-content\/uploads\/2020\/11\/5a3_Kuca-Ljudevita-Vranyczanyja-1885-203x300.jpg\"><img decoding=\"async\" width=\"1729\" height=\"2560\" src=\"https:\/\/sgallery.hazu.hr\/izlozba\/svecanost-otvorenja-1884\/wp-content\/uploads\/2020\/11\/5a3_Kuca-Ljudevita-Vranyczanyja-1885.jpg\" alt=\"\" class=\"wp-image-688\" srcset=\"https:\/\/sgallery.hazu.hr\/izlozba\/svecanost-otvorenja-1884\/wp-content\/uploads\/2020\/11\/5a3_Kuca-Ljudevita-Vranyczanyja-1885.jpg 1729w, https:\/\/sgallery.hazu.hr\/izlozba\/svecanost-otvorenja-1884\/wp-content\/uploads\/2020\/11\/5a3_Kuca-Ljudevita-Vranyczanyja-1885-203x300.jpg 203w, https:\/\/sgallery.hazu.hr\/izlozba\/svecanost-otvorenja-1884\/wp-content\/uploads\/2020\/11\/5a3_Kuca-Ljudevita-Vranyczanyja-1885-692x1024.jpg 692w, https:\/\/sgallery.hazu.hr\/izlozba\/svecanost-otvorenja-1884\/wp-content\/uploads\/2020\/11\/5a3_Kuca-Ljudevita-Vranyczanyja-1885-768x1137.jpg 768w, https:\/\/sgallery.hazu.hr\/izlozba\/svecanost-otvorenja-1884\/wp-content\/uploads\/2020\/11\/5a3_Kuca-Ljudevita-Vranyczanyja-1885-1037x1536.jpg 1037w, https:\/\/sgallery.hazu.hr\/izlozba\/svecanost-otvorenja-1884\/wp-content\/uploads\/2020\/11\/5a3_Kuca-Ljudevita-Vranyczanyja-1885-1383x2048.jpg 1383w\" sizes=\"(max-width: 1729px) 100vw, 1729px\" \/><\/a><figcaption>Tlocrt prvoga kata pala\u010de Ljudevita Vranyczanyja (iz: \u201eKu\u0107a g. baruna Ljudevita Vranyczany-Dobrinovi\u0107a u Zagrebu\u201c, <em>Viesti Dru\u017etva in\u017einira i arhitekta<\/em>, 31. 12. 1885.)<\/figcaption><\/figure>\n\n\n\n<figure class=\"wp-block-image size-full is-style-default\" id=\"5a-4\"><a href=\"https:\/\/sgallery.hazu.hr\/izlozba\/svecanost-otvorenja-1884\/wp-content\/uploads\/2020\/11\/5a4_fot-10778_MGZ.jpg\" data-lbwps-width=\"1543\" data-lbwps-height=\"1920\" data-lbwps-srcsmall=\"https:\/\/sgallery.hazu.hr\/izlozba\/svecanost-otvorenja-1884\/wp-content\/uploads\/2020\/11\/5a4_fot-10778_MGZ-241x300.jpg\"><img decoding=\"async\" width=\"1543\" height=\"1920\" src=\"https:\/\/sgallery.hazu.hr\/izlozba\/svecanost-otvorenja-1884\/wp-content\/uploads\/2020\/11\/5a4_fot-10778_MGZ.jpg\" alt=\"\" class=\"wp-image-689\" srcset=\"https:\/\/sgallery.hazu.hr\/izlozba\/svecanost-otvorenja-1884\/wp-content\/uploads\/2020\/11\/5a4_fot-10778_MGZ.jpg 1543w, https:\/\/sgallery.hazu.hr\/izlozba\/svecanost-otvorenja-1884\/wp-content\/uploads\/2020\/11\/5a4_fot-10778_MGZ-241x300.jpg 241w, https:\/\/sgallery.hazu.hr\/izlozba\/svecanost-otvorenja-1884\/wp-content\/uploads\/2020\/11\/5a4_fot-10778_MGZ-823x1024.jpg 823w, https:\/\/sgallery.hazu.hr\/izlozba\/svecanost-otvorenja-1884\/wp-content\/uploads\/2020\/11\/5a4_fot-10778_MGZ-768x956.jpg 768w, https:\/\/sgallery.hazu.hr\/izlozba\/svecanost-otvorenja-1884\/wp-content\/uploads\/2020\/11\/5a4_fot-10778_MGZ-1234x1536.jpg 1234w\" sizes=\"(max-width: 1543px) 100vw, 1543px\" \/><\/a><figcaption>Oktogonalno predvorje na prvome katu pala\u010de Ljudevita Vranyczanyja, 1884. (vlasni\u0161tvo\/imatelj: Muzej grada Zagreba)<\/figcaption><\/figure>\n\n\n\n<p>Tijekom biskupova boravka u njegovu je \u010dast barun uprili\u010dio niz primanja, rasko\u0161nih gozbi i zakusaka, o kojima su op\u0161irno izvje\u0161tavale novine. Napisi pedantno pobrojavaju uzvanike i vjerno prenose zdravice.<\/p>\n\n\n\n<blockquote class=\"wp-block-quote is-layout-flow wp-block-quote-is-layout-flow\"><p>Vriedi spomenuti zdravicu doma\u0107inovu, pronesenu tom sgodom, da mu je ku\u0107a pretiesna za preveliki broj biskupovih prijatelja, te kako bi morala bar tolika biti, kolika je sva Hrvatska, da bude prema slavi biskupovoj i prema mno\u017eini biskupovih \u0161tovalaca, on ipak da je presretan, \u0161to mu se je tiesan dom dostao te slave do\u010deka biskupova i glavnih njegovih prijatelja, pa u to ime da pije biskupu dobro do\u0161licu. Ivan Ma\u017eurani\u0107 odzdravi doma\u0107ini, da sjajan do\u010dek biskupov u toj pala\u010di dolikuje i sjaju pala\u010de i velika\u0161koj prostranosti srdca obitelji baruna Vranicana, koja vazda slu\u017ea\u0161e narodnoj ideji, kao \u0161to i ovaj put velika\u0161ka ta pala\u010da slu\u017ei narodnoj svetkovini. U to ime da Bog po\u017eivi doma\u0107ina te i u napredak prednja\u010dio toli dostojno vlasteli i bogata\u0161em!<cite>(iz: \u201eSve\u010danosti otvoraja galerije slika u Zagrebu na 8. i 9. studenoga 1884.\u201c, <em>Zvonimir<\/em>, 1886.)<\/cite><\/p><\/blockquote>\n\n\n\n<p>Organizacijom oficijelnoga objeda za najvi\u0161e uzvanike sve\u010dane sjednice 9. studenoga oslobodio je grad nemaloga tro\u0161ka, a cjelokupnim anga\u017emanom tijekom vi\u0161ednevnih manifestacija pridonio je nastojanjima gradskoga odbora da, od po\u010detne skromne ceremonije pod patronatom Akademije, otvorenje preraste u prvorazredan dru\u0161tveni doga\u0111aj. Za to mu je gradsko zastupstvo naposljetku odalo priznanje dodjelom naslova po\u010dasnog gra\u0111anina.<\/p>\n\n\n\n<figure class=\"wp-block-image size-full is-style-default\" id=\"5a-5\"><a href=\"https:\/\/sgallery.hazu.hr\/izlozba\/svecanost-otvorenja-1884\/wp-content\/uploads\/2020\/11\/5a5_cl-1_Ljudevit-V.pocas_.-gradjan_192022.12.1884_Zapisnik-skupstine.jpg\" data-lbwps-width=\"1096\" data-lbwps-height=\"2237\" data-lbwps-srcsmall=\"https:\/\/sgallery.hazu.hr\/izlozba\/svecanost-otvorenja-1884\/wp-content\/uploads\/2020\/11\/5a5_cl-1_Ljudevit-V.pocas_.-gradjan_192022.12.1884_Zapisnik-skupstine-147x300.jpg\"><img decoding=\"async\" width=\"1096\" height=\"2237\" src=\"https:\/\/sgallery.hazu.hr\/izlozba\/svecanost-otvorenja-1884\/wp-content\/uploads\/2020\/11\/5a5_cl-1_Ljudevit-V.pocas_.-gradjan_192022.12.1884_Zapisnik-skupstine.jpg\" alt=\"\" class=\"wp-image-690\" srcset=\"https:\/\/sgallery.hazu.hr\/izlozba\/svecanost-otvorenja-1884\/wp-content\/uploads\/2020\/11\/5a5_cl-1_Ljudevit-V.pocas_.-gradjan_192022.12.1884_Zapisnik-skupstine.jpg 1096w, https:\/\/sgallery.hazu.hr\/izlozba\/svecanost-otvorenja-1884\/wp-content\/uploads\/2020\/11\/5a5_cl-1_Ljudevit-V.pocas_.-gradjan_192022.12.1884_Zapisnik-skupstine-147x300.jpg 147w, https:\/\/sgallery.hazu.hr\/izlozba\/svecanost-otvorenja-1884\/wp-content\/uploads\/2020\/11\/5a5_cl-1_Ljudevit-V.pocas_.-gradjan_192022.12.1884_Zapisnik-skupstine-502x1024.jpg 502w, https:\/\/sgallery.hazu.hr\/izlozba\/svecanost-otvorenja-1884\/wp-content\/uploads\/2020\/11\/5a5_cl-1_Ljudevit-V.pocas_.-gradjan_192022.12.1884_Zapisnik-skupstine-768x1568.jpg 768w, https:\/\/sgallery.hazu.hr\/izlozba\/svecanost-otvorenja-1884\/wp-content\/uploads\/2020\/11\/5a5_cl-1_Ljudevit-V.pocas_.-gradjan_192022.12.1884_Zapisnik-skupstine-753x1536.jpg 753w, https:\/\/sgallery.hazu.hr\/izlozba\/svecanost-otvorenja-1884\/wp-content\/uploads\/2020\/11\/5a5_cl-1_Ljudevit-V.pocas_.-gradjan_192022.12.1884_Zapisnik-skupstine-1003x2048.jpg 1003w\" sizes=\"(max-width: 1096px) 100vw, 1096px\" \/><\/a><figcaption>Odluka o progla\u0161enju Ljudevita Vranyczanyja po\u010dasnim gra\u0111aninom grada Zagreba (iz Zapisnika Gradske skup\u0161tine, 19. \u2013 22. 12. 1884.)<\/figcaption><\/figure>\n\n\n\n<p>Biskup je zahvalnost Vranyczanyju iskazao pokloniv\u0161i mu svoje mramorno poprsje, rad kipara Doneganija. Bista je bila izlo\u017eena u velikoj dvorani barunove pala\u010de. Po\u010dev\u0161i od 1891. godine navode je <a href=\"https:\/\/dizbi.hazu.hr\/a\/?pr=iiif.v.a&amp;id=12959&amp;tify={%22view%22:%22info%22}\" data-type=\"URL\" data-id=\"https:\/\/dizbi.hazu.hr\/a\/?pr=iiif.v.a&amp;id=12959&amp;tify={%22view%22:%22info%22}\" target=\"_blank\" rel=\"noreferrer noopener\">katalozi Strossmayerove galerije<\/a>, smje\u0161tenu u tzv. predsoblju, odnosno u arkadama drugog kata Akademijine pala\u010de. Kasnijim je pak izlu\u010divanjem iz fundusa Strossmayerove galerije poprsje dospjelo u Modernu galeriju.<\/p>\n\n\n\n<figure class=\"wp-block-image size-full is-style-text-down\" id=\"5a-6\"><a href=\"https:\/\/sgallery.hazu.hr\/izlozba\/svecanost-otvorenja-1884\/wp-content\/uploads\/2020\/11\/5a6_fot-10779_MGZ.jpg\" data-lbwps-width=\"2560\" data-lbwps-height=\"2175\" data-lbwps-srcsmall=\"https:\/\/sgallery.hazu.hr\/izlozba\/svecanost-otvorenja-1884\/wp-content\/uploads\/2020\/11\/5a6_fot-10779_MGZ-300x255.jpg\"><img decoding=\"async\" width=\"2560\" height=\"2175\" src=\"https:\/\/sgallery.hazu.hr\/izlozba\/svecanost-otvorenja-1884\/wp-content\/uploads\/2020\/11\/5a6_fot-10779_MGZ.jpg\" alt=\"\" class=\"wp-image-691\" srcset=\"https:\/\/sgallery.hazu.hr\/izlozba\/svecanost-otvorenja-1884\/wp-content\/uploads\/2020\/11\/5a6_fot-10779_MGZ.jpg 2560w, https:\/\/sgallery.hazu.hr\/izlozba\/svecanost-otvorenja-1884\/wp-content\/uploads\/2020\/11\/5a6_fot-10779_MGZ-300x255.jpg 300w, https:\/\/sgallery.hazu.hr\/izlozba\/svecanost-otvorenja-1884\/wp-content\/uploads\/2020\/11\/5a6_fot-10779_MGZ-1024x870.jpg 1024w, https:\/\/sgallery.hazu.hr\/izlozba\/svecanost-otvorenja-1884\/wp-content\/uploads\/2020\/11\/5a6_fot-10779_MGZ-768x653.jpg 768w, https:\/\/sgallery.hazu.hr\/izlozba\/svecanost-otvorenja-1884\/wp-content\/uploads\/2020\/11\/5a6_fot-10779_MGZ-1536x1305.jpg 1536w, https:\/\/sgallery.hazu.hr\/izlozba\/svecanost-otvorenja-1884\/wp-content\/uploads\/2020\/11\/5a6_fot-10779_MGZ-2048x1740.jpg 2048w\" sizes=\"(max-width: 2560px) 100vw, 2560px\" \/><\/a><figcaption>Plesna dvorana pala\u010de Vranyczany (vlasni\u0161tvo\/imatelj: Muzej grada Zagreba). U ni\u0161i izme\u0111u prozora i vrata vidljiva je Doneganijeva portretna bista biskupa Strossmayera, koju je ovaj poklonio barunu Ljudevitu u znak zahvalnosti za gostoprimstvo.<\/figcaption><\/figure>\n\n\n\n<figure class=\"wp-block-image size-full is-style-default\" id=\"5a-7\"><a href=\"https:\/\/sgallery.hazu.hr\/izlozba\/svecanost-otvorenja-1884\/wp-content\/uploads\/2020\/11\/5a7_Pismo-Vraniczanyja-Strossmayeru_25.11.1884_AHAZU.jpg\" data-lbwps-width=\"1441\" data-lbwps-height=\"1920\" data-lbwps-srcsmall=\"https:\/\/sgallery.hazu.hr\/izlozba\/svecanost-otvorenja-1884\/wp-content\/uploads\/2020\/11\/5a7_Pismo-Vraniczanyja-Strossmayeru_25.11.1884_AHAZU-225x300.jpg\"><img decoding=\"async\" width=\"1441\" height=\"1920\" src=\"https:\/\/sgallery.hazu.hr\/izlozba\/svecanost-otvorenja-1884\/wp-content\/uploads\/2020\/11\/5a7_Pismo-Vraniczanyja-Strossmayeru_25.11.1884_AHAZU.jpg\" alt=\"\" class=\"wp-image-685\" srcset=\"https:\/\/sgallery.hazu.hr\/izlozba\/svecanost-otvorenja-1884\/wp-content\/uploads\/2020\/11\/5a7_Pismo-Vraniczanyja-Strossmayeru_25.11.1884_AHAZU.jpg 1441w, https:\/\/sgallery.hazu.hr\/izlozba\/svecanost-otvorenja-1884\/wp-content\/uploads\/2020\/11\/5a7_Pismo-Vraniczanyja-Strossmayeru_25.11.1884_AHAZU-225x300.jpg 225w, https:\/\/sgallery.hazu.hr\/izlozba\/svecanost-otvorenja-1884\/wp-content\/uploads\/2020\/11\/5a7_Pismo-Vraniczanyja-Strossmayeru_25.11.1884_AHAZU-769x1024.jpg 769w, https:\/\/sgallery.hazu.hr\/izlozba\/svecanost-otvorenja-1884\/wp-content\/uploads\/2020\/11\/5a7_Pismo-Vraniczanyja-Strossmayeru_25.11.1884_AHAZU-768x1023.jpg 768w, https:\/\/sgallery.hazu.hr\/izlozba\/svecanost-otvorenja-1884\/wp-content\/uploads\/2020\/11\/5a7_Pismo-Vraniczanyja-Strossmayeru_25.11.1884_AHAZU-1153x1536.jpg 1153w\" sizes=\"(max-width: 1441px) 100vw, 1441px\" \/><\/a><figcaption>Pismo baruna Ljudevita Vranyczanyja biskupu Strossmayeru, 25. studenoga 1884. (vlasni\u0161tvo\/imatelj: Arhiv HAZU)<\/figcaption><\/figure>\n\n\n\n<blockquote class=\"wp-block-quote is-style-citat-olovka is-layout-flow wp-block-quote-is-layout-flow\"><p>Zagreb, 25. studena 1884.<br>Preuzvi\u0161eni Gospodine !<br>Iz Va\u0161eg premilog i preljubaznog pisma radostju sam uvidio, da se jest Va\u0161a Preuzvi\u0161enost u dobrom zdravlju ku\u0107i povratila. Mi se ovde nismo sasvim bojazni odre\u0107i mogli, ne\u0107e li Vam ova zima na putu na\u0161koditi i na hvalu Bogu, da tomu tako bilo nije.<br><br>Meni \u0107e ovi dani gde sam sre\u0107u imao Va\u0161u Preuzvi\u0161enost kod mene podvoriti navek nezaboravni ostati, i bit \u0107u presretan, ako Va\u0161a Preuzvi\u0161enost \u010dim \u010destje u Zagreb dojde i kod mene odsedne, biti \u010dete svagda sa otvorenimi rukami do\u010dekani, pa ako ja slu\u010dajno i odem Zagrebu nebi bio &#8211; moja ku\u010da stoji navek na razpolaganju. <br><br>Va\u0161e Preuzvi\u0161enosti, i molim da ju navek kao Va\u0161u smatrate.Va\u0161e prekrasno mramorno poprsje kojeg ste mi kod odlazka dobrohotno darovali, pravi me upravo sretnog, i postao mi jest najmiliji i najdra\u017eiji predmet u celoj mojoj ku\u010di.<br><br>Primite zato preuzvi\u0161eni Gospodine srda\u010dnu zahvalu od Va\u0161eg najiskrenijega \u0161tovatelja Ljudevit Vranyczany.<cite>(prijepis pisma baruna Ljudevita Vranyczanyja biskupu Strossmayeru, 25. studenoga 1884.)<\/cite><\/p><\/blockquote>\n\n\n\n<p>Danas je dio fundusa Strossmayerove galerije jo\u0161 jedna umjetnina izvorno u posjedu Ljudevita Vranyczanyja: ulje na platnu <em><a href=\"https:\/\/dizbi.hazu.hr\/a\/?pr=iiif.v.a&amp;id=2054733\" data-type=\"URL\" data-id=\"https:\/\/dizbi.hazu.hr\/a\/?pr=iiif.v.a&amp;id=2054733\" target=\"_blank\" rel=\"noreferrer noopener\">Krist i preljubnica<\/a><\/em> iz barunove zbirke starih majstora koje je Galeriji darovao \u010detrdesetak godina nakon njezina otvorenja.<\/p>\n\n\n\n<p><\/p>\n","protected":false},"excerpt":{"rendered":"<p>Biskupov doma\u0107in u Zagrebu u studenome 1884., Ljudevit Vranyczany, ba\u0161 kao i njegova mla\u0111a bra\u0107a Dragan i Vladimir, bio je istaknuti filantrop i mecena. Stasav\u0161i u nacionalno osvije\u0161tenoj i dru\u0161tveno anga\u017eiranoj plemi\u0107koj obitelji, obdaren k tomu kozmopolitskim duhom i interesom za umjetnost, aktivno je podupirao doma\u0107e kulturne i prosvjetne institucije i umjetnike. \u201ePatrioti\u010dni barun\u201c, kako [&hellip;]<\/p>\n","protected":false},"author":2,"featured_media":0,"parent":0,"menu_order":0,"comment_status":"closed","ping_status":"closed","template":"","meta":{"inline_featured_image":false,"footnotes":""},"class_list":["post-683","page","type-page","status-publish","hentry"],"_links":{"self":[{"href":"https:\/\/sgallery.hazu.hr\/izlozba\/svecanost-otvorenja-1884\/wp-json\/wp\/v2\/pages\/683","targetHints":{"allow":["GET"]}}],"collection":[{"href":"https:\/\/sgallery.hazu.hr\/izlozba\/svecanost-otvorenja-1884\/wp-json\/wp\/v2\/pages"}],"about":[{"href":"https:\/\/sgallery.hazu.hr\/izlozba\/svecanost-otvorenja-1884\/wp-json\/wp\/v2\/types\/page"}],"author":[{"embeddable":true,"href":"https:\/\/sgallery.hazu.hr\/izlozba\/svecanost-otvorenja-1884\/wp-json\/wp\/v2\/users\/2"}],"replies":[{"embeddable":true,"href":"https:\/\/sgallery.hazu.hr\/izlozba\/svecanost-otvorenja-1884\/wp-json\/wp\/v2\/comments?post=683"}],"version-history":[{"count":27,"href":"https:\/\/sgallery.hazu.hr\/izlozba\/svecanost-otvorenja-1884\/wp-json\/wp\/v2\/pages\/683\/revisions"}],"predecessor-version":[{"id":2384,"href":"https:\/\/sgallery.hazu.hr\/izlozba\/svecanost-otvorenja-1884\/wp-json\/wp\/v2\/pages\/683\/revisions\/2384"}],"wp:attachment":[{"href":"https:\/\/sgallery.hazu.hr\/izlozba\/svecanost-otvorenja-1884\/wp-json\/wp\/v2\/media?parent=683"}],"curies":[{"name":"wp","href":"https:\/\/api.w.org\/{rel}","templated":true}]}}