{"id":2455,"date":"2020-11-11T15:14:42","date_gmt":"2020-11-11T15:14:42","guid":{"rendered":"https:\/\/sgallery.hazu.hr\/izlozba\/svecanost-otvorenja-1884\/?page_id=2455"},"modified":"2021-04-26T14:27:13","modified_gmt":"2021-04-26T12:27:13","slug":"dekorativni-oslik-akademijine-palace-u-vrijeme-njezina-posvecenja-en","status":"publish","type":"page","link":"https:\/\/sgallery.hazu.hr\/izlozba\/svecanost-otvorenja-1884\/en\/povijest-utemeljenja-galerije-i-gradenje-palace-en\/dekorativni-oslik-akademijine-palace-u-vrijeme-njezina-posvecenja-en\/","title":{"rendered":"Decorative wall paintings in the Academy\u2019s palace during its consecration"},"content":{"rendered":"\n<p>The current state of the inner walls of the Academy\u2019s palace is the result of several adaptations that took place during the last century and the beginning of this century. Repeated painting and over-painting of the walls, especially during the great modernization of 1948, contributed to the poor preservation status of the original wall paintings. Within the preparations for repairs of the damage that occurred as a result of the earthquake that shook Zagreb in the Spring of 2020, an array of experts were employed to research the sequence of paint and wall paintings, and to \u201creconstruct\u201d the painted layer from the time of the final decoration of the palace prior to its consecration in the year 1884.<\/p>\n\n\n\n<figure class=\"wp-block-image size-full is-style-text-down\" id=\"1a-1\"><a href=\"https:\/\/sgallery.hazu.hr\/izlozba\/svecanost-otvorenja-1884\/wp-content\/uploads\/2020\/11\/1aa.-0-Ivekovic-akvarelHSM.jpg\" data-lbwps-width=\"1920\" data-lbwps-height=\"1321\" data-lbwps-srcsmall=\"https:\/\/sgallery.hazu.hr\/izlozba\/svecanost-otvorenja-1884\/wp-content\/uploads\/2020\/11\/1aa.-0-Ivekovic-akvarelHSM-300x206.jpg\"><img decoding=\"async\" width=\"1920\" height=\"1321\" src=\"https:\/\/sgallery.hazu.hr\/izlozba\/svecanost-otvorenja-1884\/wp-content\/uploads\/2020\/11\/1aa.-0-Ivekovic-akvarelHSM.jpg\" alt=\"\" class=\"wp-image-717\" srcset=\"https:\/\/sgallery.hazu.hr\/izlozba\/svecanost-otvorenja-1884\/wp-content\/uploads\/2020\/11\/1aa.-0-Ivekovic-akvarelHSM.jpg 1920w, https:\/\/sgallery.hazu.hr\/izlozba\/svecanost-otvorenja-1884\/wp-content\/uploads\/2020\/11\/1aa.-0-Ivekovic-akvarelHSM-300x206.jpg 300w, https:\/\/sgallery.hazu.hr\/izlozba\/svecanost-otvorenja-1884\/wp-content\/uploads\/2020\/11\/1aa.-0-Ivekovic-akvarelHSM-1024x705.jpg 1024w, https:\/\/sgallery.hazu.hr\/izlozba\/svecanost-otvorenja-1884\/wp-content\/uploads\/2020\/11\/1aa.-0-Ivekovic-akvarelHSM-768x528.jpg 768w, https:\/\/sgallery.hazu.hr\/izlozba\/svecanost-otvorenja-1884\/wp-content\/uploads\/2020\/11\/1aa.-0-Ivekovic-akvarelHSM-1536x1057.jpg 1536w\" sizes=\"(max-width: 1920px) 100vw, 1920px\" \/><\/a><figcaption>The interior of the Academy\u2019s palace as represented in the watercolors of Oton Ivekovi\u0107 from the year 1899 (property of: The Croatian School Museum)<\/figcaption><\/figure>\n\n\n\n<p>After the November 1880 earthquake, an extensive intervention to restore the palace ensued. However, even after the restoration, preconditions for its ceremonial opening were not met. What remained was to decorate the Gallery and the wall surfaces in the atrium, archways, and stairways. The project for painting the walls, ceilings, and archways was created by architect Herman Boll\u00e9, and completed by his frequent collaborator, decorative painter Johannes Clausen (1855 \u2013 1927).<\/p>\n\n\n\n<figure class=\"wp-block-image size-full\" id=\"1a-2\"><a href=\"https:\/\/sgallery.hazu.hr\/izlozba\/svecanost-otvorenja-1884\/wp-content\/uploads\/2020\/11\/1a_ZNDM-III-33-004.jpg\" data-lbwps-width=\"1849\" data-lbwps-height=\"2560\" data-lbwps-srcsmall=\"https:\/\/sgallery.hazu.hr\/izlozba\/svecanost-otvorenja-1884\/wp-content\/uploads\/2020\/11\/1a_ZNDM-III-33-004-217x300.jpg\"><img decoding=\"async\" width=\"1849\" height=\"2560\" src=\"https:\/\/sgallery.hazu.hr\/izlozba\/svecanost-otvorenja-1884\/wp-content\/uploads\/2020\/11\/1a_ZNDM-III-33-004.jpg\" alt=\"\" class=\"wp-image-720\" srcset=\"https:\/\/sgallery.hazu.hr\/izlozba\/svecanost-otvorenja-1884\/wp-content\/uploads\/2020\/11\/1a_ZNDM-III-33-004.jpg 1849w, https:\/\/sgallery.hazu.hr\/izlozba\/svecanost-otvorenja-1884\/wp-content\/uploads\/2020\/11\/1a_ZNDM-III-33-004-217x300.jpg 217w, https:\/\/sgallery.hazu.hr\/izlozba\/svecanost-otvorenja-1884\/wp-content\/uploads\/2020\/11\/1a_ZNDM-III-33-004-740x1024.jpg 740w, https:\/\/sgallery.hazu.hr\/izlozba\/svecanost-otvorenja-1884\/wp-content\/uploads\/2020\/11\/1a_ZNDM-III-33-004-768x1063.jpg 768w, https:\/\/sgallery.hazu.hr\/izlozba\/svecanost-otvorenja-1884\/wp-content\/uploads\/2020\/11\/1a_ZNDM-III-33-004-1109x1536.jpg 1109w, https:\/\/sgallery.hazu.hr\/izlozba\/svecanost-otvorenja-1884\/wp-content\/uploads\/2020\/11\/1a_ZNDM-III-33-004-1479x2048.jpg 1479w\" sizes=\"(max-width: 1849px) 100vw, 1849px\" \/><\/a><figcaption>Schmidt\u2019s ground plan of the first floor of the Academy\u2019s palace from the year 1877, with a sketch of the painting decoration for the ceilings of some rooms by Boll\u00e9 (property of: The Archbishopric Archives in Zagreb, Collection of designs of the Diocesan Museum)<\/figcaption><\/figure>\n\n\n\n<p>Clausen was born in Garding, Schleswig, and arrived in Zagreb from Vienna \u2013 judging by a letter from the end of 1883 in which Ra\u010dki, touching upon the subject of the Palace\u2019s wall decorations, writes to Strossmayer about the painter for the first time.<\/p>\n\n\n\n<figure class=\"wp-block-image size-full\" id=\"1a-3\"><a href=\"https:\/\/sgallery.hazu.hr\/izlozba\/svecanost-otvorenja-1884\/wp-content\/uploads\/2020\/11\/1a.-4_Clausen-Johannes_Damjanovic.jpg\" data-lbwps-width=\"1134\" data-lbwps-height=\"2411\" data-lbwps-srcsmall=\"https:\/\/sgallery.hazu.hr\/izlozba\/svecanost-otvorenja-1884\/wp-content\/uploads\/2020\/11\/1a.-4_Clausen-Johannes_Damjanovic-141x300.jpg\"><img decoding=\"async\" width=\"1134\" height=\"2411\" src=\"https:\/\/sgallery.hazu.hr\/izlozba\/svecanost-otvorenja-1884\/wp-content\/uploads\/2020\/11\/1a.-4_Clausen-Johannes_Damjanovic.jpg\" alt=\"\" class=\"wp-image-721\" srcset=\"https:\/\/sgallery.hazu.hr\/izlozba\/svecanost-otvorenja-1884\/wp-content\/uploads\/2020\/11\/1a.-4_Clausen-Johannes_Damjanovic.jpg 1134w, https:\/\/sgallery.hazu.hr\/izlozba\/svecanost-otvorenja-1884\/wp-content\/uploads\/2020\/11\/1a.-4_Clausen-Johannes_Damjanovic-141x300.jpg 141w, https:\/\/sgallery.hazu.hr\/izlozba\/svecanost-otvorenja-1884\/wp-content\/uploads\/2020\/11\/1a.-4_Clausen-Johannes_Damjanovic-482x1024.jpg 482w, https:\/\/sgallery.hazu.hr\/izlozba\/svecanost-otvorenja-1884\/wp-content\/uploads\/2020\/11\/1a.-4_Clausen-Johannes_Damjanovic-768x1633.jpg 768w, https:\/\/sgallery.hazu.hr\/izlozba\/svecanost-otvorenja-1884\/wp-content\/uploads\/2020\/11\/1a.-4_Clausen-Johannes_Damjanovic-722x1536.jpg 722w, https:\/\/sgallery.hazu.hr\/izlozba\/svecanost-otvorenja-1884\/wp-content\/uploads\/2020\/11\/1a.-4_Clausen-Johannes_Damjanovic-963x2048.jpg 963w\" sizes=\"(max-width: 1134px) 100vw, 1134px\" \/><\/a><figcaption>Johann(es) Clausen, around 1905 (private property, lent with the kindness of Mr. D. Damjanovi\u0107)<\/figcaption><\/figure>\n\n\n\n<p>Preserved trade books from Zagreb relate that Clausen gained his permit as a wall painter and decorator in the year 1881. The following year, he was employed to create the wall decorations for the ceremonial hall of the Croatian Music Institute, within the restoration project of the building started after the earthquake.<\/p>\n\n\n\n<figure class=\"wp-block-image size-full is-style-text-down\" id=\"1a-4\"><a href=\"https:\/\/sgallery.hazu.hr\/izlozba\/svecanost-otvorenja-1884\/wp-content\/uploads\/2020\/11\/1a.-5_Hrvatski-glazbeni-zavod_presnimak-Goglia-1.jpg\" data-lbwps-width=\"1080\" data-lbwps-height=\"842\" data-lbwps-srcsmall=\"https:\/\/sgallery.hazu.hr\/izlozba\/svecanost-otvorenja-1884\/wp-content\/uploads\/2020\/11\/1a.-5_Hrvatski-glazbeni-zavod_presnimak-Goglia-1-300x234.jpg\"><img decoding=\"async\" width=\"1080\" height=\"842\" src=\"https:\/\/sgallery.hazu.hr\/izlozba\/svecanost-otvorenja-1884\/wp-content\/uploads\/2020\/11\/1a.-5_Hrvatski-glazbeni-zavod_presnimak-Goglia-1.jpg\" alt=\"\" class=\"wp-image-722\" srcset=\"https:\/\/sgallery.hazu.hr\/izlozba\/svecanost-otvorenja-1884\/wp-content\/uploads\/2020\/11\/1a.-5_Hrvatski-glazbeni-zavod_presnimak-Goglia-1.jpg 1080w, https:\/\/sgallery.hazu.hr\/izlozba\/svecanost-otvorenja-1884\/wp-content\/uploads\/2020\/11\/1a.-5_Hrvatski-glazbeni-zavod_presnimak-Goglia-1-300x234.jpg 300w, https:\/\/sgallery.hazu.hr\/izlozba\/svecanost-otvorenja-1884\/wp-content\/uploads\/2020\/11\/1a.-5_Hrvatski-glazbeni-zavod_presnimak-Goglia-1-1024x798.jpg 1024w, https:\/\/sgallery.hazu.hr\/izlozba\/svecanost-otvorenja-1884\/wp-content\/uploads\/2020\/11\/1a.-5_Hrvatski-glazbeni-zavod_presnimak-Goglia-1-768x599.jpg 768w\" sizes=\"(max-width: 1080px) 100vw, 1080px\" \/><\/a><figcaption>The great hall of the Croatian Music Institute, before 1927 (from: Goglia, <em>The Croatian Music Institute<\/em>: 1827 \u2013 1927, 1927). The photograph records the original wall paintings completed by Clausen, after Boll\u00e9\u2019s project.<\/figcaption><\/figure>\n\n\n\n<p>Boll\u00e9 and Clausen collaborated successfully for the following decade. In that time, almost all of Boll\u00e9\u2019s projects, whether new buildings or restorations of old ones, included decorative wall painting by Clausen. Some examples from Zagreb are the chapel of the Seminary of the Archbishopric, the interior of Zagreb\u2019s cathedral, the vaults and walls of the sanctuary of the Franciscan church, the Orthodox church of the Transfiguration, the ceiling of the nave and sanctuary of the Greek Catholic church, and the palace of the Provincial Government\u2019s Department of worship and education, where Clausen executed the decorative sequences of the wall paintings in the Pompeian room, and also painted the walls in the Golden Hall. Under Boll\u00e9\u2019s guidance, Clausen also worked outside of Zagreb. For example, he decorated the interior and front fa\u00e7ade of the Croatian Pavilion at the Provincial Exhibition held in Budapest in the year 1885. He also decorated the county churches in Jastrebarsko, Bjelovar, and Kri\u017eevci. However, Clausen went blind in 1893 after getting color powder in his eyes while working. Soon after this he moved to Graz, and his workshop, located on Radi\u0107eva Street no. 3 at the time, was taken over by painter Josip Muravi\u0107. An advertisement published in the year 1891 states that Clausen\u2019s previous workshop was located in Ilica Street no. 35. In several of these advertisements, the master painter recommended himself for \u201cexecuting church paintings and related painting work on walls, decorative painting and varnish work\u201d, as well as creating \u201cplaster, paper and stucco decoration for ceilings and walls, door posts, crown moldings, rosettes, corners, etc.\u201d.<\/p>\n\n\n\n<figure class=\"wp-block-image size-full\" id=\"1a-5\"><a href=\"https:\/\/sgallery.hazu.hr\/izlozba\/svecanost-otvorenja-1884\/wp-content\/uploads\/2020\/11\/1a.-6_Clausen_Vodic-Zgb-i-jub.izlozbu_1891_KSG1.jpg\" data-lbwps-width=\"2187\" data-lbwps-height=\"1830\" data-lbwps-srcsmall=\"https:\/\/sgallery.hazu.hr\/izlozba\/svecanost-otvorenja-1884\/wp-content\/uploads\/2020\/11\/1a.-6_Clausen_Vodic-Zgb-i-jub.izlozbu_1891_KSG1-300x251.jpg\"><img decoding=\"async\" width=\"2187\" height=\"1830\" src=\"https:\/\/sgallery.hazu.hr\/izlozba\/svecanost-otvorenja-1884\/wp-content\/uploads\/2020\/11\/1a.-6_Clausen_Vodic-Zgb-i-jub.izlozbu_1891_KSG1.jpg\" alt=\"\" class=\"wp-image-723\" srcset=\"https:\/\/sgallery.hazu.hr\/izlozba\/svecanost-otvorenja-1884\/wp-content\/uploads\/2020\/11\/1a.-6_Clausen_Vodic-Zgb-i-jub.izlozbu_1891_KSG1.jpg 2187w, https:\/\/sgallery.hazu.hr\/izlozba\/svecanost-otvorenja-1884\/wp-content\/uploads\/2020\/11\/1a.-6_Clausen_Vodic-Zgb-i-jub.izlozbu_1891_KSG1-300x251.jpg 300w, https:\/\/sgallery.hazu.hr\/izlozba\/svecanost-otvorenja-1884\/wp-content\/uploads\/2020\/11\/1a.-6_Clausen_Vodic-Zgb-i-jub.izlozbu_1891_KSG1-1024x857.jpg 1024w, https:\/\/sgallery.hazu.hr\/izlozba\/svecanost-otvorenja-1884\/wp-content\/uploads\/2020\/11\/1a.-6_Clausen_Vodic-Zgb-i-jub.izlozbu_1891_KSG1-768x643.jpg 768w, https:\/\/sgallery.hazu.hr\/izlozba\/svecanost-otvorenja-1884\/wp-content\/uploads\/2020\/11\/1a.-6_Clausen_Vodic-Zgb-i-jub.izlozbu_1891_KSG1-1536x1285.jpg 1536w, https:\/\/sgallery.hazu.hr\/izlozba\/svecanost-otvorenja-1884\/wp-content\/uploads\/2020\/11\/1a.-6_Clausen_Vodic-Zgb-i-jub.izlozbu_1891_KSG1-2048x1714.jpg 2048w\" sizes=\"(max-width: 2187px) 100vw, 2187px\" \/><\/a><figcaption>A bilingual advertisement for the decorative and painting business of Johannes Clausen located on Ilica Street 35 (from: Hirc, Marhula, <em>A guide through the City of Zagreb, its area, and the anniversary exhibition<\/em>, 1891)<\/figcaption><\/figure>\n\n\n\n<p>Although the Bishop had expressed the wish that the interior of the Academy\u2019s palace be painted by Eduard Petz, who participated in the decorative painting of the \u0110akovo Cathedral, Clausen was chosen for the task. At the beginning of February 1884, Ra\u010dki informed Strossmayer that Boll\u00e9 would soon begin creating the design for the decoration and that he would hire Clausen to do the work. Somewhat earlier, Strossmayer had suggested to the Academy President that, with Kr\u0161njavi\u2019s consent, he should strive for \u201cthe d\u00e9cor to be simple, but beautiful and, consequently, a bit cheaper\u201d. The painting process began no sooner than May and lasted for five months.<\/p>\n\n\n\n<p>A few of the preserved images of the Palace\u2019s interior from the first decades of its existence, most of which attempt to encompass the whole interior with their framing, and focus mainly on the atrium, allow for only a rough idea of the appearance of its walls.<\/p>\n\n\n\n<figure class=\"wp-block-image size-full is-style-text-down\" id=\"1a-6\"><a href=\"https:\/\/sgallery.hazu.hr\/izlozba\/svecanost-otvorenja-1884\/wp-content\/uploads\/2020\/11\/1a.-7_Akademija04_Arheoloski-muzej.jpg\" data-lbwps-width=\"2615\" data-lbwps-height=\"1976\" data-lbwps-srcsmall=\"https:\/\/sgallery.hazu.hr\/izlozba\/svecanost-otvorenja-1884\/wp-content\/uploads\/2020\/11\/1a.-7_Akademija04_Arheoloski-muzej-300x227.jpg\"><img decoding=\"async\" width=\"2560\" height=\"1934\" src=\"https:\/\/sgallery.hazu.hr\/izlozba\/svecanost-otvorenja-1884\/wp-content\/uploads\/2020\/11\/1a.-7_Akademija04_Arheoloski-muzej-scaled.jpg\" alt=\"\" class=\"wp-image-724\" srcset=\"https:\/\/sgallery.hazu.hr\/izlozba\/svecanost-otvorenja-1884\/wp-content\/uploads\/2020\/11\/1a.-7_Akademija04_Arheoloski-muzej-scaled.jpg 2560w, https:\/\/sgallery.hazu.hr\/izlozba\/svecanost-otvorenja-1884\/wp-content\/uploads\/2020\/11\/1a.-7_Akademija04_Arheoloski-muzej-300x227.jpg 300w, https:\/\/sgallery.hazu.hr\/izlozba\/svecanost-otvorenja-1884\/wp-content\/uploads\/2020\/11\/1a.-7_Akademija04_Arheoloski-muzej-1024x774.jpg 1024w, https:\/\/sgallery.hazu.hr\/izlozba\/svecanost-otvorenja-1884\/wp-content\/uploads\/2020\/11\/1a.-7_Akademija04_Arheoloski-muzej-768x580.jpg 768w, https:\/\/sgallery.hazu.hr\/izlozba\/svecanost-otvorenja-1884\/wp-content\/uploads\/2020\/11\/1a.-7_Akademija04_Arheoloski-muzej-1536x1161.jpg 1536w, https:\/\/sgallery.hazu.hr\/izlozba\/svecanost-otvorenja-1884\/wp-content\/uploads\/2020\/11\/1a.-7_Akademija04_Arheoloski-muzej-2048x1548.jpg 2048w\" sizes=\"(max-width: 2560px) 100vw, 2560px\" \/><\/a><\/figure>\n\n\n\n<figure class=\"wp-block-image size-full is-style-text-down\" id=\"1a-7\"><a href=\"https:\/\/sgallery.hazu.hr\/izlozba\/svecanost-otvorenja-1884\/wp-content\/uploads\/2020\/11\/1a.-8_Akademija05_Arheoloski-muzej.jpg\" data-lbwps-width=\"2619\" data-lbwps-height=\"1968\" data-lbwps-srcsmall=\"https:\/\/sgallery.hazu.hr\/izlozba\/svecanost-otvorenja-1884\/wp-content\/uploads\/2020\/11\/1a.-8_Akademija05_Arheoloski-muzej-300x225.jpg\"><img decoding=\"async\" width=\"2560\" height=\"1924\" src=\"https:\/\/sgallery.hazu.hr\/izlozba\/svecanost-otvorenja-1884\/wp-content\/uploads\/2020\/11\/1a.-8_Akademija05_Arheoloski-muzej-scaled.jpg\" alt=\"\" class=\"wp-image-725\" srcset=\"https:\/\/sgallery.hazu.hr\/izlozba\/svecanost-otvorenja-1884\/wp-content\/uploads\/2020\/11\/1a.-8_Akademija05_Arheoloski-muzej-scaled.jpg 2560w, https:\/\/sgallery.hazu.hr\/izlozba\/svecanost-otvorenja-1884\/wp-content\/uploads\/2020\/11\/1a.-8_Akademija05_Arheoloski-muzej-300x225.jpg 300w, https:\/\/sgallery.hazu.hr\/izlozba\/svecanost-otvorenja-1884\/wp-content\/uploads\/2020\/11\/1a.-8_Akademija05_Arheoloski-muzej-1024x769.jpg 1024w, https:\/\/sgallery.hazu.hr\/izlozba\/svecanost-otvorenja-1884\/wp-content\/uploads\/2020\/11\/1a.-8_Akademija05_Arheoloski-muzej-768x577.jpg 768w, https:\/\/sgallery.hazu.hr\/izlozba\/svecanost-otvorenja-1884\/wp-content\/uploads\/2020\/11\/1a.-8_Akademija05_Arheoloski-muzej-1536x1154.jpg 1536w, https:\/\/sgallery.hazu.hr\/izlozba\/svecanost-otvorenja-1884\/wp-content\/uploads\/2020\/11\/1a.-8_Akademija05_Arheoloski-muzej-2048x1539.jpg 2048w\" sizes=\"(max-width: 2560px) 100vw, 2560px\" \/><\/a><figcaption>Fotografije drugog kata pala\u010de s vidljivim Clausenovim dekorativnim oslikom zidova, po\u010detkom 20. stolje\u0107a Photographs of the second floor of the palace with the visible wall painting decoration by Clausen, at the beginning of the 20th century (property of: The Archaeological Museum in Zagreb)<\/figcaption><\/figure>\n\n\n\n<figure class=\"wp-block-image size-full\" id=\"1a-8\"><a href=\"https:\/\/sgallery.hazu.hr\/izlozba\/svecanost-otvorenja-1884\/wp-content\/uploads\/2020\/11\/1a.-9_SG-12-u-stubistu.jpg\" data-lbwps-width=\"1429\" data-lbwps-height=\"1920\" data-lbwps-srcsmall=\"https:\/\/sgallery.hazu.hr\/izlozba\/svecanost-otvorenja-1884\/wp-content\/uploads\/2020\/11\/1a.-9_SG-12-u-stubistu-223x300.jpg\"><img decoding=\"async\" width=\"1429\" height=\"1920\" src=\"https:\/\/sgallery.hazu.hr\/izlozba\/svecanost-otvorenja-1884\/wp-content\/uploads\/2020\/11\/1a.-9_SG-12-u-stubistu.jpg\" alt=\"\" class=\"wp-image-726\" srcset=\"https:\/\/sgallery.hazu.hr\/izlozba\/svecanost-otvorenja-1884\/wp-content\/uploads\/2020\/11\/1a.-9_SG-12-u-stubistu.jpg 1429w, https:\/\/sgallery.hazu.hr\/izlozba\/svecanost-otvorenja-1884\/wp-content\/uploads\/2020\/11\/1a.-9_SG-12-u-stubistu-223x300.jpg 223w, https:\/\/sgallery.hazu.hr\/izlozba\/svecanost-otvorenja-1884\/wp-content\/uploads\/2020\/11\/1a.-9_SG-12-u-stubistu-762x1024.jpg 762w, https:\/\/sgallery.hazu.hr\/izlozba\/svecanost-otvorenja-1884\/wp-content\/uploads\/2020\/11\/1a.-9_SG-12-u-stubistu-768x1032.jpg 768w, https:\/\/sgallery.hazu.hr\/izlozba\/svecanost-otvorenja-1884\/wp-content\/uploads\/2020\/11\/1a.-9_SG-12-u-stubistu-1143x1536.jpg 1143w\" sizes=\"(max-width: 1429px) 100vw, 1429px\" \/><\/a><figcaption>The right part of the stairway wall on the second floor of the palace with visible details of Clausen\u2019s wall painting decoration (property of: The Strossmayer Gallery of Old Masters of the Croatian Academy of Sciences and Arts). The photograph was taken after the tapestry <em>Abduction of the Sabine Women<\/em> was placed in the stairway, between the years 1917 and 1922. This is one of the rare photographs of the Academy\u2019s palace in which the decorative wall painting from the time of its consecration can be discerned.<\/figcaption><\/figure>\n\n\n\n<p>To this day we have found no photographs that would testify to the appearance of the Gallery\u2019s interior prior to the 1930s, until when at least one major renovation was conducted that included work on the interior walls. Therefore, for now we cannot reliably make judgements on the character of the wall painting decoration in the exhibition rooms during the ceremonial opening of the Gallery. A letter from Kr\u0161njavi to Ra\u010dki from May of 1881 indicates that he was not pleased with \u201cthe painting\u201d covering the walls before the earthquake: \u201cPainted as they are now, the walls would kill our paintings, the reflections in those rooms would be so insufferable that the paintings would get lost very quickly\u201d. Because of this fact, as well as because of the damage inflicted by the earthquake, Kr\u0161njavi believed that the Gallery should be painted anew in the general restoration, but that this time, the \u201ccolor scheme of the walls\u201d must be \u201cdark\u201d.<\/p>\n\n\n\n<p>Judging from the photographs of other interior parts of the Academy palace from the 1930s and 1940s, it seems that certain parts of the wall painting decoration from the time of the Gallery\u2019s opening were preserved, at least on the ceilings, even after the \u201cpost-earthquake\u201d painted layer was removed from the Gallery walls. It seems that these parts were retained until the already mentioned great renovation of the building that was conducted in the mid-20<sup>th<\/sup> century.<\/p>\n\n\n\n<figure class=\"wp-block-image size-full\" id=\"1a-9\"><a href=\"https:\/\/sgallery.hazu.hr\/izlozba\/svecanost-otvorenja-1884\/wp-content\/uploads\/2020\/11\/1a.-10_Atrij_u.Svijet1910526.1.1935._KnjizHDAweb.jpg\" data-lbwps-width=\"1415\" data-lbwps-height=\"1920\" data-lbwps-srcsmall=\"https:\/\/sgallery.hazu.hr\/izlozba\/svecanost-otvorenja-1884\/wp-content\/uploads\/2020\/11\/1a.-10_Atrij_u.Svijet1910526.1.1935._KnjizHDAweb-221x300.jpg\"><img decoding=\"async\" width=\"1415\" height=\"1920\" src=\"https:\/\/sgallery.hazu.hr\/izlozba\/svecanost-otvorenja-1884\/wp-content\/uploads\/2020\/11\/1a.-10_Atrij_u.Svijet1910526.1.1935._KnjizHDAweb.jpg\" alt=\"\" class=\"wp-image-727\" srcset=\"https:\/\/sgallery.hazu.hr\/izlozba\/svecanost-otvorenja-1884\/wp-content\/uploads\/2020\/11\/1a.-10_Atrij_u.Svijet1910526.1.1935._KnjizHDAweb.jpg 1415w, https:\/\/sgallery.hazu.hr\/izlozba\/svecanost-otvorenja-1884\/wp-content\/uploads\/2020\/11\/1a.-10_Atrij_u.Svijet1910526.1.1935._KnjizHDAweb-221x300.jpg 221w, https:\/\/sgallery.hazu.hr\/izlozba\/svecanost-otvorenja-1884\/wp-content\/uploads\/2020\/11\/1a.-10_Atrij_u.Svijet1910526.1.1935._KnjizHDAweb-755x1024.jpg 755w, https:\/\/sgallery.hazu.hr\/izlozba\/svecanost-otvorenja-1884\/wp-content\/uploads\/2020\/11\/1a.-10_Atrij_u.Svijet1910526.1.1935._KnjizHDAweb-768x1042.jpg 768w, https:\/\/sgallery.hazu.hr\/izlozba\/svecanost-otvorenja-1884\/wp-content\/uploads\/2020\/11\/1a.-10_Atrij_u.Svijet1910526.1.1935._KnjizHDAweb-1132x1536.jpg 1132w\" sizes=\"(max-width: 1415px) 100vw, 1415px\" \/><\/a><figcaption>Interior of the Academy palace during the 1930s (cover of the magazine <em>Svijet<\/em>, 26th January 1935)<\/figcaption><\/figure>\n\n\n\n<figure class=\"wp-block-image size-full\" id=\"1a-10\"><a href=\"https:\/\/sgallery.hazu.hr\/izlozba\/svecanost-otvorenja-1884\/wp-content\/uploads\/2020\/11\/1a.-11_Hazu_adaptacija_AHAZU.jpg\" data-lbwps-width=\"1437\" data-lbwps-height=\"1920\" data-lbwps-srcsmall=\"https:\/\/sgallery.hazu.hr\/izlozba\/svecanost-otvorenja-1884\/wp-content\/uploads\/2020\/11\/1a.-11_Hazu_adaptacija_AHAZU-225x300.jpg\"><img decoding=\"async\" width=\"1437\" height=\"1920\" src=\"https:\/\/sgallery.hazu.hr\/izlozba\/svecanost-otvorenja-1884\/wp-content\/uploads\/2020\/11\/1a.-11_Hazu_adaptacija_AHAZU.jpg\" alt=\"\" class=\"wp-image-716\" srcset=\"https:\/\/sgallery.hazu.hr\/izlozba\/svecanost-otvorenja-1884\/wp-content\/uploads\/2020\/11\/1a.-11_Hazu_adaptacija_AHAZU.jpg 1437w, https:\/\/sgallery.hazu.hr\/izlozba\/svecanost-otvorenja-1884\/wp-content\/uploads\/2020\/11\/1a.-11_Hazu_adaptacija_AHAZU-225x300.jpg 225w, https:\/\/sgallery.hazu.hr\/izlozba\/svecanost-otvorenja-1884\/wp-content\/uploads\/2020\/11\/1a.-11_Hazu_adaptacija_AHAZU-766x1024.jpg 766w, https:\/\/sgallery.hazu.hr\/izlozba\/svecanost-otvorenja-1884\/wp-content\/uploads\/2020\/11\/1a.-11_Hazu_adaptacija_AHAZU-768x1026.jpg 768w, https:\/\/sgallery.hazu.hr\/izlozba\/svecanost-otvorenja-1884\/wp-content\/uploads\/2020\/11\/1a.-11_Hazu_adaptacija_AHAZU-1150x1536.jpg 1150w\" sizes=\"(max-width: 1437px) 100vw, 1437px\" \/><\/a><figcaption>Entrance lobby of the Academy palace before the mid-20th century restoration, with the still visible and untouched decorative ceiling painting by Clausen (property of: The Archives of the Croatian Academy of Sciences and Arts).<\/figcaption><\/figure>\n","protected":false},"excerpt":{"rendered":"<p>The current state of the inner walls of the Academy\u2019s palace is the result of several adaptations that took place during the last century and the beginning of this century. Repeated painting and over-painting of the walls, especially during the great modernization of 1948, contributed to the poor preservation status of the original wall paintings. [&hellip;]<\/p>\n","protected":false},"author":2,"featured_media":0,"parent":2436,"menu_order":0,"comment_status":"closed","ping_status":"closed","template":"","meta":{"inline_featured_image":false,"footnotes":""},"class_list":["post-2455","page","type-page","status-publish","hentry"],"_links":{"self":[{"href":"https:\/\/sgallery.hazu.hr\/izlozba\/svecanost-otvorenja-1884\/wp-json\/wp\/v2\/pages\/2455","targetHints":{"allow":["GET"]}}],"collection":[{"href":"https:\/\/sgallery.hazu.hr\/izlozba\/svecanost-otvorenja-1884\/wp-json\/wp\/v2\/pages"}],"about":[{"href":"https:\/\/sgallery.hazu.hr\/izlozba\/svecanost-otvorenja-1884\/wp-json\/wp\/v2\/types\/page"}],"author":[{"embeddable":true,"href":"https:\/\/sgallery.hazu.hr\/izlozba\/svecanost-otvorenja-1884\/wp-json\/wp\/v2\/users\/2"}],"replies":[{"embeddable":true,"href":"https:\/\/sgallery.hazu.hr\/izlozba\/svecanost-otvorenja-1884\/wp-json\/wp\/v2\/comments?post=2455"}],"version-history":[{"count":2,"href":"https:\/\/sgallery.hazu.hr\/izlozba\/svecanost-otvorenja-1884\/wp-json\/wp\/v2\/pages\/2455\/revisions"}],"predecessor-version":[{"id":2457,"href":"https:\/\/sgallery.hazu.hr\/izlozba\/svecanost-otvorenja-1884\/wp-json\/wp\/v2\/pages\/2455\/revisions\/2457"}],"up":[{"embeddable":true,"href":"https:\/\/sgallery.hazu.hr\/izlozba\/svecanost-otvorenja-1884\/wp-json\/wp\/v2\/pages\/2436"}],"wp:attachment":[{"href":"https:\/\/sgallery.hazu.hr\/izlozba\/svecanost-otvorenja-1884\/wp-json\/wp\/v2\/media?parent=2455"}],"curies":[{"name":"wp","href":"https:\/\/api.w.org\/{rel}","templated":true}]}}