{"id":1823,"date":"2020-12-18T16:44:41","date_gmt":"2020-12-18T16:44:41","guid":{"rendered":"https:\/\/sgallery.hazu.hr\/izlozba\/svecanost-otvorenja-1884\/?page_id=1823"},"modified":"2021-01-08T10:52:28","modified_gmt":"2021-01-08T09:52:28","slug":"zvucni-zapisi","status":"publish","type":"page","link":"https:\/\/sgallery.hazu.hr\/izlozba\/svecanost-otvorenja-1884\/zvucni-zapisi\/","title":{"rendered":"Zvu\u010dni zapisi"},"content":{"rendered":"\n<p><em>Finale<\/em> \u201eU boj\u201c, iz: opere <em>Nikola \u0160ubi\u0107 Zrinski: glazbena tragedija u tri \u010dina<\/em>, autora Ivana pl. Zajca i libretista Huge Badali\u0107a, prema drami Theodora K\u00f6rnera \u201eZriny\u201c, op. 403. Izvo\u0111a\u010di: bariton Vladimir Ru\u017edjak (Nikola \u0160ubi\u0107 Zrinski), sopranistica Milka Bertapelle (Eva), sopranistica Branka [Oblak] Stilinovi\u0107 (Jelena) &#8230; [et al.], solisti, zbor i orkestar Hrvatskog narodnog kazali\u0161ta u Zagrebu, dirigent Milan Sachs. Zagreb : Croatia records, 2012. [reizdanje iz 1962.] 2 CD (71 min) : stereo, ADD.<br>\t<span class=\"soundcite\" data-url=\"https:\/\/sgallery.hazu.hr\/izlozba\/svecanost-otvorenja-1884\/wp-content\/uploads\/2020\/12\/1_I.Zajc_N.S.Zrinski_Finale-U-boj-peteropjev.mp3\" data-plays=\"1\" role=\"button\" aria-label=\"Klikom na ovaj element se pokre\u0107e zvu\u010dni zapis\" tabindex=0>Poslu\u0161ajte zvu\u010dni zapis<\/span><br>[poslu\u0161ajte zvu\u010dni zapis i u poglavlju: <a rel=\"noreferrer noopener\" href=\"https:\/\/sgallery.hazu.hr\/izlozba\/svecanost-otvorenja-1884\/hr\/prvi-dan-svecanosti\/\" data-type=\"URL\" data-id=\"https:\/\/sgallery.hazu.hr\/izlozba\/svecanost-otvorenja-1884\/hr\/prvi-dan-svecanosti\/\" target=\"_blank\">Prvi dan sve\u010danosti<\/a>] <\/p>\n\n\n\n<p>Zborska skladba <em>Zrinski-Frankopan<\/em>, autora Ivana pl. Zajca, op. 524a, stihovi Augusta Haramba\u0161i\u0107a, iz: <em>No\u0107ni \u010dar\/The magic of night<\/em>. Izvo\u0111a\u010di: Zbor HRT-a, dirigent Ton\u010di Bili\u0107. Zagreb : Hrvatska radio-televizija, 2014. 1 CD (54 min) : stereo, DDD.<br>\t<span class=\"soundcite\" data-url=\"https:\/\/sgallery.hazu.hr\/izlozba\/svecanost-otvorenja-1884\/wp-content\/uploads\/2020\/12\/2_I.Zajc_Zrinski-Frankopan.mp3\" data-plays=\"1\" role=\"button\" aria-label=\"Klikom na ovaj element se pokre\u0107e zvu\u010dni zapis\" tabindex=0>Poslu\u0161ajte zvu\u010dni zapis<\/span><br>[poslu\u0161ajte zvu\u010dni zapis i u poglavljima: <a rel=\"noreferrer noopener\" href=\"https:\/\/sgallery.hazu.hr\/izlozba\/svecanost-otvorenja-1884\/hr\/prvi-dan-svecanosti\/\" data-type=\"URL\" data-id=\"https:\/\/sgallery.hazu.hr\/izlozba\/svecanost-otvorenja-1884\/hr\/prvi-dan-svecanosti\/\" target=\"_blank\">Prvi dan sve\u010danosti<\/a> i <a rel=\"noreferrer noopener\" href=\"https:\/\/sgallery.hazu.hr\/izlozba\/svecanost-otvorenja-1884\/hr\/dani-nakon-svecanosti-otvorenja\/\" data-type=\"URL\" data-id=\"https:\/\/sgallery.hazu.hr\/izlozba\/svecanost-otvorenja-1884\/hr\/dani-nakon-svecanosti-otvorenja\/\" target=\"_blank\">Dani nakon sve\u010danosti<\/a>]<\/p>\n\n\n\n<p>Zborska skladba <em>\u017divila Hrvatska<\/em> [<em>Glasna, jasna<\/em>], autora Ivana pl. Zajca, op. 320a, stihovi Augusta \u0160enoe, iz: <em>No\u0107ni \u010dar\/The magic of night<\/em>. Izvo\u0111a\u010di: Zbor HRT-a, dirigent Ton\u010di Bili\u0107. Zagreb : Hrvatska radio-televizija, 2014. 1 CD (54 min) : stereo, DDD.<br>\t<span class=\"soundcite\" data-url=\"https:\/\/sgallery.hazu.hr\/izlozba\/svecanost-otvorenja-1884\/wp-content\/uploads\/2020\/12\/3_I.Zajc_Zivila-Hrvatska.mp3\" data-plays=\"1\" role=\"button\" aria-label=\"Klikom na ovaj element se pokre\u0107e zvu\u010dni zapis\" tabindex=0>Poslu\u0161ajte zvu\u010dni zapis<\/span><br>[poslu\u0161ajte zvu\u010dni zapis i u poglavljima: <a rel=\"noreferrer noopener\" href=\"https:\/\/sgallery.hazu.hr\/izlozba\/svecanost-otvorenja-1884\/hr\/prvi-dan-svecanosti\/\" data-type=\"URL\" data-id=\"https:\/\/sgallery.hazu.hr\/izlozba\/svecanost-otvorenja-1884\/hr\/prvi-dan-svecanosti\/\" target=\"_blank\">Prvi dan sve\u010danosti<\/a> i <a rel=\"noreferrer noopener\" href=\"https:\/\/sgallery.hazu.hr\/izlozba\/svecanost-otvorenja-1884\/hr\/dani-nakon-svecanosti-otvorenja\/\" data-type=\"URL\" data-id=\"https:\/\/sgallery.hazu.hr\/izlozba\/svecanost-otvorenja-1884\/hr\/dani-nakon-svecanosti-otvorenja\/\" target=\"_blank\">Dani nakon sve\u010danosti<\/a>]<\/p>\n\n\n\n<p>Solo pjesma<em> Domovini i ljubavi<\/em>, autora Ivana pl. Zajca, iz:<em> Lijepa na\u0161a domovino<\/em>, [razni skladatelji i izvo\u0111a\u010di]. Zagreb : Croatia records, 2017. 1 CD (66 min) : stereo, ADD.<br>\t<span class=\"soundcite\" data-url=\"https:\/\/sgallery.hazu.hr\/izlozba\/svecanost-otvorenja-1884\/wp-content\/uploads\/2020\/12\/4_I.Zajc-K.Cigoj_Domovini-i-ljubavi.mp3\" data-plays=\"1\" role=\"button\" aria-label=\"Klikom na ovaj element se pokre\u0107e zvu\u010dni zapis\" tabindex=0>Poslu\u0161ajte zvu\u010dni zapis<\/span><br>[poslu\u0161ajte zvu\u010dni zapis i u poglavlju: <a rel=\"noreferrer noopener\" href=\"https:\/\/sgallery.hazu.hr\/izlozba\/svecanost-otvorenja-1884\/hr\/drugi-dan-svecanosti\/\" data-type=\"URL\" data-id=\"https:\/\/sgallery.hazu.hr\/izlozba\/svecanost-otvorenja-1884\/hr\/drugi-dan-svecanosti\/\" target=\"_blank\">Drugi dan sve\u010danosti<\/a>]<\/p>\n\n\n\n<p>Ulomak iz Strossmayerova govora na dan otvaranja Galerije, o va\u017enosti vjere i ideala za narode i dr\u017eave. Tekst \u010dita: Matej \u0110ur\u0111evi\u0107; studijsko snimanje i obrada zvu\u010dnog zapisa: Davor Dev\u010di\u0107.<br>\t<span class=\"soundcite\" data-url=\"https:\/\/sgallery.hazu.hr\/izlozba\/svecanost-otvorenja-1884\/wp-content\/uploads\/2020\/11\/pasus-1.mp3\" data-plays=\"1\" role=\"button\" aria-label=\"Klikom na ovaj element se pokre\u0107e zvu\u010dni zapis\" tabindex=0>Poslu\u0161ajte zvu\u010dni zapis<\/span><br>[poslu\u0161ajte zvu\u010dni zapis i u poglavlju: <a rel=\"noreferrer noopener\" href=\"https:\/\/sgallery.hazu.hr\/izlozba\/svecanost-otvorenja-1884\/hr\/drugi-dan-svecanosti\/biskupov-govor-tijekom-svecane-sjednice\/\" data-type=\"URL\" data-id=\"https:\/\/sgallery.hazu.hr\/izlozba\/svecanost-otvorenja-1884\/hr\/drugi-dan-svecanosti\/biskupov-govor-tijekom-svecane-sjednice\/\" target=\"_blank\">Biskupov govor tijekom sve\u010dane sjednice<\/a>]<\/p>\n\n\n\n<p>Ulomak iz Strossmayerova govora na dan otvaranja Galerije, o autonomiji znanosti i Sveu\u010dili\u0161ta. Tekst \u010dita: Matej \u0110ur\u0111evi\u0107; studijsko snimanje i obrada zvu\u010dnog zapisa: Davor Dev\u010di\u0107.<br>\t<span class=\"soundcite\" data-url=\"https:\/\/sgallery.hazu.hr\/izlozba\/svecanost-otvorenja-1884\/wp-content\/uploads\/2020\/11\/pasus-2.mp3\" data-plays=\"1\" role=\"button\" aria-label=\"Klikom na ovaj element se pokre\u0107e zvu\u010dni zapis\" tabindex=0>Poslu\u0161ajte zvu\u010dni zapis<\/span><br>[poslu\u0161ajte zvu\u010dni zapis i u poglavlju: <a rel=\"noreferrer noopener\" href=\"https:\/\/sgallery.hazu.hr\/izlozba\/svecanost-otvorenja-1884\/hr\/drugi-dan-svecanosti\/biskupov-govor-tijekom-svecane-sjednice\/\" data-type=\"URL\" data-id=\"https:\/\/sgallery.hazu.hr\/izlozba\/svecanost-otvorenja-1884\/hr\/drugi-dan-svecanosti\/biskupov-govor-tijekom-svecane-sjednice\/\" target=\"_blank\">Biskupov govor tijekom sve\u010dane sjednice<\/a>]<\/p>\n\n\n\n<p>Ulomak iz Strossmayerova govora na dan otvaranja Galerije, o razlozima visoke zastupljenosti umjetnina vjerskog sadr\u017eaja u zbirci. Tekst \u010dita: Matej \u0110ur\u0111evi\u0107; studijsko snimanje i obrada zvu\u010dnog zapisa: Davor Dev\u010di\u0107.<br>\t<span class=\"soundcite\" data-url=\"https:\/\/sgallery.hazu.hr\/izlozba\/svecanost-otvorenja-1884\/wp-content\/uploads\/2020\/11\/pasus-4.mp3\" data-plays=\"1\" role=\"button\" aria-label=\"Klikom na ovaj element se pokre\u0107e zvu\u010dni zapis\" tabindex=0>Poslu\u0161ajte zvu\u010dni zapis<\/span><br>[poslu\u0161ajte zvu\u010dni zapis i u poglavlju: <a rel=\"noreferrer noopener\" href=\"https:\/\/sgallery.hazu.hr\/izlozba\/svecanost-otvorenja-1884\/hr\/drugi-dan-svecanosti\/biskupov-govor-tijekom-svecane-sjednice\/\" data-type=\"URL\" data-id=\"https:\/\/sgallery.hazu.hr\/izlozba\/svecanost-otvorenja-1884\/hr\/drugi-dan-svecanosti\/biskupov-govor-tijekom-svecane-sjednice\/\" target=\"_blank\">Biskupov govor tijekom sve\u010dane sjednice<\/a>]<\/p>\n\n\n\n<p>Ulomak iz Strossmayerova govora na dan otvaranja Galerije, o nu\u017enosti po\u0161tovanja i sklonosti naroda prema znanosti i umjetnosti. Tekst \u010dita: Matej \u0110ur\u0111evi\u0107; studijsko snimanje i obrada zvu\u010dnog zapisa: Davor Dev\u010di\u0107.<br>\t<span class=\"soundcite\" data-url=\"https:\/\/sgallery.hazu.hr\/izlozba\/svecanost-otvorenja-1884\/wp-content\/uploads\/2020\/11\/pasus-3.mp3\" data-plays=\"1\" role=\"button\" aria-label=\"Klikom na ovaj element se pokre\u0107e zvu\u010dni zapis\" tabindex=0>Poslu\u0161ajte zvu\u010dni zapis<\/span><br>[poslu\u0161ajte zvu\u010dni zapis i u poglavlju: <a rel=\"noreferrer noopener\" href=\"https:\/\/sgallery.hazu.hr\/izlozba\/svecanost-otvorenja-1884\/hr\/drugi-dan-svecanosti\/biskupov-govor-tijekom-svecane-sjednice\/\" data-type=\"URL\" data-id=\"https:\/\/sgallery.hazu.hr\/izlozba\/svecanost-otvorenja-1884\/hr\/drugi-dan-svecanosti\/biskupov-govor-tijekom-svecane-sjednice\/\" target=\"_blank\">Biskupov govor tijekom sve\u010dane sjednice<\/a>]<\/p>\n\n\n\n<p><\/p>\n","protected":false},"excerpt":{"rendered":"<p>Finale \u201eU boj\u201c, iz: opere Nikola \u0160ubi\u0107 Zrinski: glazbena tragedija u tri \u010dina, autora Ivana pl. Zajca i libretista Huge Badali\u0107a, prema drami Theodora K\u00f6rnera \u201eZriny\u201c, op. 403. Izvo\u0111a\u010di: bariton Vladimir Ru\u017edjak (Nikola \u0160ubi\u0107 Zrinski), sopranistica Milka Bertapelle (Eva), sopranistica Branka [Oblak] Stilinovi\u0107 (Jelena) &#8230; [et al.], solisti, zbor i orkestar Hrvatskog narodnog kazali\u0161ta u [&hellip;]<\/p>\n","protected":false},"author":2,"featured_media":0,"parent":0,"menu_order":0,"comment_status":"closed","ping_status":"closed","template":"","meta":{"inline_featured_image":false,"footnotes":""},"class_list":["post-1823","page","type-page","status-publish","hentry"],"_links":{"self":[{"href":"https:\/\/sgallery.hazu.hr\/izlozba\/svecanost-otvorenja-1884\/wp-json\/wp\/v2\/pages\/1823","targetHints":{"allow":["GET"]}}],"collection":[{"href":"https:\/\/sgallery.hazu.hr\/izlozba\/svecanost-otvorenja-1884\/wp-json\/wp\/v2\/pages"}],"about":[{"href":"https:\/\/sgallery.hazu.hr\/izlozba\/svecanost-otvorenja-1884\/wp-json\/wp\/v2\/types\/page"}],"author":[{"embeddable":true,"href":"https:\/\/sgallery.hazu.hr\/izlozba\/svecanost-otvorenja-1884\/wp-json\/wp\/v2\/users\/2"}],"replies":[{"embeddable":true,"href":"https:\/\/sgallery.hazu.hr\/izlozba\/svecanost-otvorenja-1884\/wp-json\/wp\/v2\/comments?post=1823"}],"version-history":[{"count":28,"href":"https:\/\/sgallery.hazu.hr\/izlozba\/svecanost-otvorenja-1884\/wp-json\/wp\/v2\/pages\/1823\/revisions"}],"predecessor-version":[{"id":2490,"href":"https:\/\/sgallery.hazu.hr\/izlozba\/svecanost-otvorenja-1884\/wp-json\/wp\/v2\/pages\/1823\/revisions\/2490"}],"wp:attachment":[{"href":"https:\/\/sgallery.hazu.hr\/izlozba\/svecanost-otvorenja-1884\/wp-json\/wp\/v2\/media?parent=1823"}],"curies":[{"name":"wp","href":"https:\/\/api.w.org\/{rel}","templated":true}]}}