{"id":1321,"date":"2020-12-09T11:53:51","date_gmt":"2020-12-09T11:53:51","guid":{"rendered":"https:\/\/sgallery.hazu.hr\/izlozba\/svecanost-otvorenja-1884\/?page_id=1321"},"modified":"2021-01-10T17:04:38","modified_gmt":"2021-01-10T16:04:38","slug":"uvjeti-koristenja","status":"publish","type":"page","link":"https:\/\/sgallery.hazu.hr\/izlozba\/svecanost-otvorenja-1884\/uvjeti-koristenja\/","title":{"rendered":"Uvjeti kori\u0161tenja"},"content":{"rendered":"\n<p>Cjelokupan sadr\u017eaj objavljen na mre\u017enoj stranici virtualne izlo\u017ebe <a rel=\"noreferrer noopener\" href=\"https:\/\/sgallery.hazu.hr\/izlozba\/svecanost-otvorenja-1884\/hr\/\" target=\"_blank\">https:\/\/sgallery.hazu.hr\/izlozba\/svecanost-otvorenja-1884\/hr\/<\/a> ne smije se reproducirati, distribuirati ili na bilo koji na\u010din koristiti u komercijalne svrhe bez izri\u010ditog pristanka Hrvatske akademije znanosti i umjetnosti, Strossmayerove galerije starih majstora odnosno sadr\u017eaj je za\u0161ti\u0107en autorskim i srodnim pravima sukladno relevantnim zakonskim propisima Republike Hrvatske.<br><br>KAKO CITIRATI?<br><br>\u0160amec Flaschar, Indira; Ivana Gr\u017eina, <em>Sjat \u0107e ti ime za velike \u010dine<\/em>, <em>Biskup Strossmayer na sve\u010danosti otvorenja Galerije slika i posve\u0107enja Akademijine pala\u010de 1884. godine<\/em>, Zagreb, Hrvatska akademija znanosti i umjetnosti, 2020., 30\/12\/2020, <a href=\"https:\/\/sgallery.hazu.hr\/izlozba\/svecanost-otvorenja-1884\/hr\/\" target=\"_blank\" rel=\"noreferrer noopener\">https:\/\/sgallery.hazu.hr\/izlozba\/svecanost-otvorenja-1884\/hr\/<\/a><\/p>\n","protected":false},"excerpt":{"rendered":"<p>Cjelokupan sadr\u017eaj objavljen na mre\u017enoj stranici virtualne izlo\u017ebe https:\/\/sgallery.hazu.hr\/izlozba\/svecanost-otvorenja-1884\/hr\/ ne smije se reproducirati, distribuirati ili na bilo koji na\u010din koristiti u komercijalne svrhe bez izri\u010ditog pristanka Hrvatske akademije znanosti i umjetnosti, Strossmayerove galerije starih majstora odnosno sadr\u017eaj je za\u0161ti\u0107en autorskim i srodnim pravima sukladno relevantnim zakonskim propisima Republike Hrvatske. KAKO CITIRATI? \u0160amec Flaschar, Indira; Ivana [&hellip;]<\/p>\n","protected":false},"author":2,"featured_media":0,"parent":0,"menu_order":0,"comment_status":"closed","ping_status":"closed","template":"","meta":{"inline_featured_image":false,"footnotes":""},"class_list":["post-1321","page","type-page","status-publish","hentry"],"_links":{"self":[{"href":"https:\/\/sgallery.hazu.hr\/izlozba\/svecanost-otvorenja-1884\/wp-json\/wp\/v2\/pages\/1321","targetHints":{"allow":["GET"]}}],"collection":[{"href":"https:\/\/sgallery.hazu.hr\/izlozba\/svecanost-otvorenja-1884\/wp-json\/wp\/v2\/pages"}],"about":[{"href":"https:\/\/sgallery.hazu.hr\/izlozba\/svecanost-otvorenja-1884\/wp-json\/wp\/v2\/types\/page"}],"author":[{"embeddable":true,"href":"https:\/\/sgallery.hazu.hr\/izlozba\/svecanost-otvorenja-1884\/wp-json\/wp\/v2\/users\/2"}],"replies":[{"embeddable":true,"href":"https:\/\/sgallery.hazu.hr\/izlozba\/svecanost-otvorenja-1884\/wp-json\/wp\/v2\/comments?post=1321"}],"version-history":[{"count":9,"href":"https:\/\/sgallery.hazu.hr\/izlozba\/svecanost-otvorenja-1884\/wp-json\/wp\/v2\/pages\/1321\/revisions"}],"predecessor-version":[{"id":2395,"href":"https:\/\/sgallery.hazu.hr\/izlozba\/svecanost-otvorenja-1884\/wp-json\/wp\/v2\/pages\/1321\/revisions\/2395"}],"wp:attachment":[{"href":"https:\/\/sgallery.hazu.hr\/izlozba\/svecanost-otvorenja-1884\/wp-json\/wp\/v2\/media?parent=1321"}],"curies":[{"name":"wp","href":"https:\/\/api.w.org\/{rel}","templated":true}]}}