{"id":1075,"date":"2020-11-28T10:38:52","date_gmt":"2020-11-28T10:38:52","guid":{"rendered":"https:\/\/sgallery.hazu.hr\/izlozba\/svecanost-otvorenja-1884\/?page_id=1075"},"modified":"2021-02-10T12:33:06","modified_gmt":"2021-02-10T11:33:06","slug":"impressum","status":"publish","type":"page","link":"https:\/\/sgallery.hazu.hr\/izlozba\/svecanost-otvorenja-1884\/impressum\/","title":{"rendered":"Impressum"},"content":{"rendered":"\n<p>Nakladnik:<br>Hrvatska akademija znanosti i umjetnosti<br>Trg Nikole \u0160ubi\u0107a Zrinskog 11, 10000 Zagreb<br><br>Za nakladnika:<br>Akademik Dario Vretenar, glavni tajnik<br><br>Odgovorni urednik:<br>Akademik Vladimir Markovi\u0107<br><br>Urednik:<br>Borivoj Popov\u010dak<br><br>Autorice virtualne izlo\u017ebe: <br>Indira \u0160amec Flaschar i Ivana Gr\u017eina<br><br>Lektura i korektura: <br>Maja Silov Toverni\u0107<br><br>Oblikovanje, programiranje i implementacija izlo\u017ebe: <br>Link2 d.o.o.<br>Goran Zlodi<br>Ivanka Maroevi\u0107<br><br>Skeniranje i fotografiranje: <br>Robert Perovi\u0107 (Hrvatski dr\u017eavni arhiv) i Goran Kos (Arhiv HAZU)<br><br>Studijsko snimanje i obrada zvu\u010dnih zapisa: <br>Davor Dev\u010di\u0107<br><br>Tekst \u010dita: <br>Matej \u0110ur\u0111evi\u0107<br><br>Godina izdanja: <br>2020.<br><br>Institucija partner:<br>Hrvatski dr\u017eavni arhiv<br><br>Zahvalu upu\u0107ujemo institucijama i pojedincima koji su ustupili digitalne zapise gra\u0111e:<br>Arheolo\u0161ki muzej u Zagrebu<br>Arhiv HAZU, Zagreb<br>Arhiv za likovne umjetnosti HAZU, Zagreb<br>Dr\u017eavni arhiv u Zagrebu<br>gospodin Dragan Damjanovi\u0107, Zagreb<br>gospo\u0111a Jasmina Reis, Zagreb<br>Gradska knji\u017enica, Zagreb<br>Gradski muzej Karlovac<br>Gradski muzej Sisak<br>Hrvatski dr\u017eavni arhiv, Zagreb<br>Hrvatski \u0161kolski muzej, Zagreb<br>Hrvatski \u017eeljezni\u010dki muzej, Zagreb<br>Kabinet za arhitekturu i urbanizam HAZU, Zagreb<br>Knji\u017enica HAZU, Zagreb<br>Knji\u017enice grada Zagreba<br>Muzej Brodskog Posavlja, Slavonski Brod<br>Muzej grada Zagreba<br>Muzej Slavonije, Osijek<br>Muzej za umjetnost i obrt, Zagreb<br>Nacionalna i sveu\u010dili\u0161na knji\u017enica, Zagreb<br>Nadbiskupijski arhiv u Zagrebu &#8211; Zbirka nacrta Dijecezanskog muzeja<br>Odsjek za povijest hrvatske glazbe Zavoda za povijest hrvatske knji\u017eevnosti, kazali\u0161ta i glazbe HAZU, Zagreb<br>Odsjek za povijest hrvatskog kazali\u0161ta Zavoda za povijest hrvatske knji\u017eevnosti, kazali\u0161ta i glazbe HAZU, Zagreb<br>Pomorski i povijesni muzej Hrvatskog primorja, Rijeka<br>Strossmayerova galerija starih majstora HAZU<br>Zbirka Tihomila Stahuljaka u vlasni\u0161tvu gospodina Josipa Jurja Ga\u0161parca, Zagreb<br><br>Izlo\u017eba uklju\u010duje zvu\u010dne zapise skladbi s nosa\u010d\u0101 zvuka u izdanju Hrvatske radiotelevizije i tvrtke Croatia Records.<br><br>Posebno zahvaljujemo akademiku Velimiru Neidhardtu, predsjedniku Hrvatske akademije znanosti i umjetnosti, dr. sc. Dinku \u010cuturi, ravnatelju Hrvatskoga dr\u017eavnog arhiva, gospodinu Mateju \u0110ur\u0111evi\u0107u te tvrtki Croatia Records d.d. Zahvalu dugujemo svim kolegama i suradnicima koji su pridonijeli realizaciji izlo\u017ebe.<br><br>Izlo\u017eba je ostvarena financijskom potporom Zaklade Hrvatske akademije znanosti i umjetnosti i Grada Zagreba \u2013 Gradskog ureda za kulturu.<\/p>\n\n\n\n<div class=\"wp-block-columns logoi is-layout-flex wp-container-core-columns-is-layout-9d6595d7 wp-block-columns-is-layout-flex\">\n<div class=\"wp-block-column is-vertically-aligned-center is-layout-flow wp-block-column-is-layout-flow\">\n<figure class=\"wp-block-image size-thumbnail\"><img decoding=\"async\" width=\"160\" height=\"159\" src=\"https:\/\/sgallery.hazu.hr\/izlozba\/svecanost-otvorenja-1884\/wp-content\/uploads\/2020\/11\/HAZU-logo.svg\" alt=\"Logo Hrvatske akademije znanosti i umjetnosti\" class=\"wp-image-1219\"\/><\/figure>\n<\/div>\n\n\n\n<div class=\"wp-block-column is-vertically-aligned-center is-layout-flow wp-block-column-is-layout-flow\">\n<figure class=\"wp-block-image size-thumbnail is-resized\"><img decoding=\"async\" src=\"https:\/\/sgallery.hazu.hr\/izlozba\/svecanost-otvorenja-1884\/wp-content\/uploads\/2020\/11\/Grb_Zagreb.svg\" alt=\"Grb grada Zagreba\" class=\"wp-image-1218\" width=\"135\" height=\"160\"\/><\/figure>\n<\/div>\n<\/div>\n\n\n\n<p><\/p>\n","protected":false},"excerpt":{"rendered":"<p>Nakladnik:Hrvatska akademija znanosti i umjetnostiTrg Nikole \u0160ubi\u0107a Zrinskog 11, 10000 Zagreb Za nakladnika:Akademik Dario Vretenar, glavni tajnik Odgovorni urednik:Akademik Vladimir Markovi\u0107 Urednik:Borivoj Popov\u010dak Autorice virtualne izlo\u017ebe: Indira \u0160amec Flaschar i Ivana Gr\u017eina Lektura i korektura: Maja Silov Toverni\u0107 Oblikovanje, programiranje i implementacija izlo\u017ebe: Link2 d.o.o.Goran ZlodiIvanka Maroevi\u0107 Skeniranje i fotografiranje: Robert Perovi\u0107 (Hrvatski dr\u017eavni arhiv) [&hellip;]<\/p>\n","protected":false},"author":2,"featured_media":0,"parent":0,"menu_order":0,"comment_status":"closed","ping_status":"closed","template":"","meta":{"inline_featured_image":false,"footnotes":""},"class_list":["post-1075","page","type-page","status-publish","hentry"],"_links":{"self":[{"href":"https:\/\/sgallery.hazu.hr\/izlozba\/svecanost-otvorenja-1884\/wp-json\/wp\/v2\/pages\/1075","targetHints":{"allow":["GET"]}}],"collection":[{"href":"https:\/\/sgallery.hazu.hr\/izlozba\/svecanost-otvorenja-1884\/wp-json\/wp\/v2\/pages"}],"about":[{"href":"https:\/\/sgallery.hazu.hr\/izlozba\/svecanost-otvorenja-1884\/wp-json\/wp\/v2\/types\/page"}],"author":[{"embeddable":true,"href":"https:\/\/sgallery.hazu.hr\/izlozba\/svecanost-otvorenja-1884\/wp-json\/wp\/v2\/users\/2"}],"replies":[{"embeddable":true,"href":"https:\/\/sgallery.hazu.hr\/izlozba\/svecanost-otvorenja-1884\/wp-json\/wp\/v2\/comments?post=1075"}],"version-history":[{"count":27,"href":"https:\/\/sgallery.hazu.hr\/izlozba\/svecanost-otvorenja-1884\/wp-json\/wp\/v2\/pages\/1075\/revisions"}],"predecessor-version":[{"id":2407,"href":"https:\/\/sgallery.hazu.hr\/izlozba\/svecanost-otvorenja-1884\/wp-json\/wp\/v2\/pages\/1075\/revisions\/2407"}],"wp:attachment":[{"href":"https:\/\/sgallery.hazu.hr\/izlozba\/svecanost-otvorenja-1884\/wp-json\/wp\/v2\/media?parent=1075"}],"curies":[{"name":"wp","href":"https:\/\/api.w.org\/{rel}","templated":true}]}}