{"id":17,"date":"2024-10-17T11:39:22","date_gmt":"2024-10-17T11:39:22","guid":{"rendered":"https:\/\/sgallery.hazu.hr\/izlozba\/slike-muke-i-uskrsnuca-u-strossmayerovoj-galeriji\/?page_id=17"},"modified":"2025-04-17T07:49:27","modified_gmt":"2025-04-17T07:49:27","slug":"naslovna","status":"publish","type":"page","link":"https:\/\/sgallery.hazu.hr\/izlozba\/slike-muke-i-uskrsnuca-u-strossmayerovoj-galeriji\/","title":{"rendered":"Slike Muke i Uskrsnu\u0107a u Strossmayerovoj galeriji"},"content":{"rendered":"","protected":false},"excerpt":{"rendered":"","protected":false},"author":1,"featured_media":86,"parent":0,"menu_order":0,"comment_status":"closed","ping_status":"closed","template":"","meta":{"slim_seo":{"title":"Slike Muke i Uskrsnu\u0107a u Strossmayerovoj galeriji","description":"Online izlo\u017eba slika Kristove Muke i Uskrsnu\u0107a iz zbirke Strossmayerove galerije prikazuje remek-djela europskog slikarstva od 14. do 18. stolje\u0107a.","facebook_image":"https:\/\/sgallery.hazu.hr\/izlozba\/slike-muke-i-uskrsnuca-u-strossmayerovoj-galeriji\/wp-content\/uploads\/2024\/10\/5.webp","twitter_image":"https:\/\/sgallery.hazu.hr\/izlozba\/slike-muke-i-uskrsnuca-u-strossmayerovoj-galeriji\/wp-content\/uploads\/2024\/10\/5.webp"},"footnotes":""},"class_list":["post-17","page","type-page","status-publish","has-post-thumbnail","hentry"],"_links":{"self":[{"href":"https:\/\/sgallery.hazu.hr\/izlozba\/slike-muke-i-uskrsnuca-u-strossmayerovoj-galeriji\/wp-json\/wp\/v2\/pages\/17","targetHints":{"allow":["GET"]}}],"collection":[{"href":"https:\/\/sgallery.hazu.hr\/izlozba\/slike-muke-i-uskrsnuca-u-strossmayerovoj-galeriji\/wp-json\/wp\/v2\/pages"}],"about":[{"href":"https:\/\/sgallery.hazu.hr\/izlozba\/slike-muke-i-uskrsnuca-u-strossmayerovoj-galeriji\/wp-json\/wp\/v2\/types\/page"}],"author":[{"embeddable":true,"href":"https:\/\/sgallery.hazu.hr\/izlozba\/slike-muke-i-uskrsnuca-u-strossmayerovoj-galeriji\/wp-json\/wp\/v2\/users\/1"}],"replies":[{"embeddable":true,"href":"https:\/\/sgallery.hazu.hr\/izlozba\/slike-muke-i-uskrsnuca-u-strossmayerovoj-galeriji\/wp-json\/wp\/v2\/comments?post=17"}],"version-history":[{"count":100,"href":"https:\/\/sgallery.hazu.hr\/izlozba\/slike-muke-i-uskrsnuca-u-strossmayerovoj-galeriji\/wp-json\/wp\/v2\/pages\/17\/revisions"}],"predecessor-version":[{"id":294,"href":"https:\/\/sgallery.hazu.hr\/izlozba\/slike-muke-i-uskrsnuca-u-strossmayerovoj-galeriji\/wp-json\/wp\/v2\/pages\/17\/revisions\/294"}],"wp:featuredmedia":[{"embeddable":true,"href":"https:\/\/sgallery.hazu.hr\/izlozba\/slike-muke-i-uskrsnuca-u-strossmayerovoj-galeriji\/wp-json\/wp\/v2\/media\/86"}],"wp:attachment":[{"href":"https:\/\/sgallery.hazu.hr\/izlozba\/slike-muke-i-uskrsnuca-u-strossmayerovoj-galeriji\/wp-json\/wp\/v2\/media?parent=17"}],"curies":[{"name":"wp","href":"https:\/\/api.w.org\/{rel}","templated":true}]}}